{"id":886,"date":"2019-01-10T22:10:27","date_gmt":"2019-01-10T22:10:27","guid":{"rendered":"https:\/\/theme.visualmodo.com\/it\/?page_id=886"},"modified":"2021-05-21T16:34:48","modified_gmt":"2021-05-21T16:34:48","slug":"about","status":"publish","type":"page","link":"https:\/\/acetechnology.com\/fr\/about\/","title":{"rendered":"\u00c0 propos"},"content":{"rendered":"<div class=\"wpb-content-wrapper\"><div class=\"vc_row wpb_row vc_row-fluid\"><div class=\"wpb_column vc_column_container vc_col-sm-12\"><div class=\"vc_column-inner\"><div class=\"wpb_wrapper\"><div class=\"vc_empty_space\"   style=\"height: 50px\"><span class=\"vc_empty_space_inner\"><\/span><\/div><\/div><\/div><\/div><\/div><div data-vc-full-width=\"true\" data-vc-full-width-init=\"false\" class=\"vc_row wpb_row vc_row-fluid\"><div class=\"wpb_column vc_column_container vc_col-sm-12\"><div class=\"vc_column-inner\"><div class=\"wpb_wrapper\">\n\t<div class=\"wpb_text_column wpb_content_element\" >\n\t\t<div class=\"wpb_wrapper\">\n\t\t\t<h1 style=\"color: black; font-size: 40px; text-align: center;\">Aper\u00e7u d'Ace Technology<\/h1>\n\n\t\t<\/div>\n\t<\/div>\n\n\t<div class=\"wpb_text_column wpb_content_element\" >\n\t\t<div class=\"wpb_wrapper\">\n\t\t\t<p style=\"font-size: 17px; color: #454545; text-align: left; line-height: 2;\">Fond\u00e9e en 1989, Ace Technology a acquis une grande expertise en mati\u00e8re de solutions d'infrastructure informatique pour le march\u00e9 des PME. Nous proposons une approche globale de l'int\u00e9gration informatique, de la conception \u00e0 la mise en \u0153uvre compl\u00e8te de votre projet. Nous sommes fiers de fournir un support technique exceptionnel n\u00e9cessaire pour mener \u00e0 bien chaque projet avec une \u00e9quipe de professionnels hautement qualifi\u00e9s.<\/p>\n\n\t\t<\/div>\n\t<\/div>\n<div class=\"ubtn-ctn-center\"><a class=\"ubtn-link ult-adjust-bottom-margin ubtn-center ubtn-normal\" href=\"https:\/\/acetechnology.com\/fr\/contact-us\/\" title=\"Contactez-nous\" ><button type=\"button\" id=\"ubtn-4389\"  class=\"ubtn ult-adjust-bottom-margin ult-responsive ubtn-normal ubtn-fade-bg  none  ubtn-center   tooltip-69ea230adb43a\"  data-hover=\"#eb0000\" data-border-color=\"#eb0000\" data-bg=\"#eb0000\" data-hover-bg=\"#ffffff\" data-border-hover=\"#eb0000\" data-shadow-hover=\"\" data-shadow-click=\"none\" data-shadow=\"\" data-shd-shadow=\"\"  data-ultimate-target='#ubtn-4389'  data-responsive-json-new='{\"font-size\":\"desktop:18px;\",\"line-height\":\"\"}'  style=\"font-weight:normal;border-radius:30px;border-width:2px;border-color:#eb0000;border-style:solid;background: #eb0000;color: #ffffff;\"><span class=\"ubtn-hover\" style=\"background-color:#ffffff\"><\/span><span class=\"ubtn-data ubtn-text\" >Contactez-nous<\/span><\/button><\/a><\/div><\/div><\/div><\/div><\/div><div class=\"vc_row-full-width vc_clearfix\"><\/div><div data-vc-full-width=\"true\" data-vc-full-width-init=\"false\" class=\"vc_row wpb_row vc_row-fluid vc_custom_1620380111732\"><div class=\"wpb_column vc_column_container vc_col-sm-12\"><div class=\"vc_column-inner\"><div class=\"wpb_wrapper\">\n\t<div class=\"wpb_text_column wpb_content_element\" >\n\t\t<div class=\"wpb_wrapper\">\n\t\t\t<h2 style=\"text-align: center; color: black; font-size: 40px;\">Un aper\u00e7u de nos domaines d'expertise<\/h2>\n\n\t\t<\/div>\n\t<\/div>\n<\/div><\/div><\/div><\/div><div class=\"vc_row-full-width vc_clearfix\"><\/div><div class=\"vc_row wpb_row vc_row-fluid\"><div class=\"wpb_column vc_column_container vc_col-sm-12\"><div class=\"vc_column-inner\"><div class=\"wpb_wrapper\"><div class=\"vc_empty_space\"   style=\"height: 32px\"><span class=\"vc_empty_space_inner\"><\/span><\/div><\/div><\/div><\/div><\/div><div class=\"vc_row wpb_row vc_row-fluid\"><div class=\"wpb_column vc_column_container vc_col-sm-6\"><div class=\"vc_column-inner\"><div class=\"wpb_wrapper\"><div class=\"smile_icon_list_wrap ult_info_list_container ult-adjust-bottom-margin\"><ul class=\"smile_icon_list left circle with_bg\"><li class=\"icon_list_item\" style=\" font-size:60px;\"><div class=\"icon_list_icon\" data-animation=\"bounceIn\" data-animation-delay=\"03\" style=\"font-size:20px;border-width:1px;border-style:none;background:#1647ce;color:#ffffff;border-color:#333333;\"><i class=\"Defaults-angle-right\" ><\/i><\/div><div class=\"icon_description\" id=\"Info-list-wrap-8423\" style=\"font-size:20px;\"><div class=\"icon_description_text ult-responsive\"  data-ultimate-target='#Info-list-wrap-8423 .icon_description_text'  data-responsive-json-new='{\"font-size\":\"desktop:13px;\",\"line-height\":\"desktop:18px;\"}'  style=\"\"><h3 style=\"text-align: left; color: #454545;\">Soutien d'experts sur :<\/h3>\n<p style=\"text-align: left;\">Microsoft Platform, Win Server 20XX, Exchange, Active Directory, SQL, Microsoft 365.<\/p>\n<\/div><\/div><div class=\"icon_list_connector\"  style=\"border: none !important;\"><\/div><\/li><li class=\"icon_list_item\" style=\" font-size:60px;\"><div class=\"icon_list_icon\" data-animation=\"bounceIn\" data-animation-delay=\"03\" style=\"font-size:20px;border-width:1px;border-style:none;background:#1647ce;color:#ffffff;border-color:#333333;\"><i class=\"Defaults-angle-right\" ><\/i><\/div><div class=\"icon_description\" id=\"Info-list-wrap-8004\" style=\"font-size:20px;\"><div class=\"icon_description_text ult-responsive\"  data-ultimate-target='#Info-list-wrap-8004 .icon_description_text'  data-responsive-json-new='{\"font-size\":\"desktop:13px;\",\"line-height\":\"desktop:18px;\"}'  style=\"\"><h3 style=\"text-align: left; color: #454545;\">Solutions de stockage :<\/h3>\n<p style=\"text-align: left; color: 555555;\">NAS et SAN sur site et services cloud<\/p>\n<\/div><\/div><div class=\"icon_list_connector\"  style=\"border: none !important;\"><\/div><\/li><li class=\"icon_list_item\" style=\" font-size:60px;\"><div class=\"icon_list_icon\" data-animation=\"bounceIn\" data-animation-delay=\"03\" style=\"font-size:20px;border-width:1px;border-style:none;background:#1647ce;color:#ffffff;border-color:#333333;\"><i class=\"Defaults-angle-right\" ><\/i><\/div><div class=\"icon_description\" id=\"Info-list-wrap-2189\" style=\"font-size:20px;\"><div class=\"icon_description_text ult-responsive\"  data-ultimate-target='#Info-list-wrap-2189 .icon_description_text'  data-responsive-json-new='{\"font-size\":\"desktop:13px;\",\"line-height\":\"desktop:18px;\"}'  style=\"\"><h3 style=\"text-align: left; color: #454545;\">Virtualisation et technologies \u00e9mergentes<\/h3>\n<p style=\"text-align: left; color: #555555;\">VMWare, Hyper-V.<\/p>\n<\/div><\/div><div class=\"icon_list_connector\"  style=\"border: none !important;\"><\/div><\/li><li class=\"icon_list_item\" style=\" font-size:60px;\"><div class=\"icon_list_icon\" data-animation=\"bounceIn\" data-animation-delay=\"03\" style=\"font-size:20px;border-width:1px;border-style:none;background:#1647ce;color:#ffffff;border-color:#333333;\"><i class=\"Defaults-angle-right\" ><\/i><\/div><div class=\"icon_description\" id=\"Info-list-wrap-4331\" style=\"font-size:20px;\"><div class=\"icon_description_text ult-responsive\"  data-ultimate-target='#Info-list-wrap-4331 .icon_description_text'  data-responsive-json-new='{\"font-size\":\"desktop:13px;\",\"line-height\":\"desktop:18px;\"}'  style=\"\"><h3 style=\"text-align: left; color: #454545;\">Reprise apr\u00e8s d\u00e9sastre et continuit\u00e9 des activit\u00e9s<\/h3>\n<p style=\"text-align: left; color: #555555;\">Plate-forme Microsoft, Win Server 20XX, Exchange, Active Directory, SQL, SBS.<\/p>\n<\/div><\/div><div class=\"icon_list_connector\"  style=\"border: none !important;\"><\/div><\/li><li class=\"icon_list_item\" style=\" font-size:60px;\"><div class=\"icon_list_icon\" data-animation=\"bounceIn\" data-animation-delay=\"03\" style=\"font-size:20px;border-width:1px;border-style:none;background:#1647ce;color:#ffffff;border-color:#333333;\"><i class=\"Defaults-angle-right\" ><\/i><\/div><div class=\"icon_description\" id=\"Info-list-wrap-1174\" style=\"font-size:20px;\"><div class=\"icon_description_text ult-responsive\"  data-ultimate-target='#Info-list-wrap-1174 .icon_description_text'  data-responsive-json-new='{\"font-size\":\"desktop:13px;\",\"line-height\":\"desktop:18px;\"}'  style=\"\"><h3 style=\"text-align: left; color: #454545;\">Door Access Control and Alarm Systems<\/h3>\n<\/div><\/div><div class=\"icon_list_connector\"  style=\"border: none !important;\"><\/div><\/li><li class=\"icon_list_item\" style=\" font-size:60px;\"><div class=\"icon_list_icon\" data-animation=\"bounceIn\" data-animation-delay=\"03\" style=\"font-size:20px;border-width:1px;border-style:none;background:#1647ce;color:#ffffff;border-color:#333333;\"><i class=\"Defaults-angle-right\" ><\/i><\/div><div class=\"icon_description\" id=\"Info-list-wrap-7880\" style=\"font-size:20px;\"><div class=\"icon_description_text ult-responsive\"  data-ultimate-target='#Info-list-wrap-7880 .icon_description_text'  data-responsive-json-new='{\"font-size\":\"desktop:13px;\",\"line-height\":\"desktop:18px;\"}'  style=\"\"><h3 style=\"text-align: left; color: #454545;\">Gestion et suivi de l'h\u00e9bergement en nuage et de la colocation<\/h3>\n<\/div><\/div><div class=\"icon_list_connector\"  style=\"border: none !important;\"><\/div><\/li><\/ul><\/div><\/div><\/div><\/div><div class=\"wpb_column vc_column_container vc_col-sm-6\"><div class=\"vc_column-inner\"><div class=\"wpb_wrapper\"><div class=\"smile_icon_list_wrap ult_info_list_container ult-adjust-bottom-margin\"><ul class=\"smile_icon_list left circle with_bg\"><li class=\"icon_list_item\" style=\" font-size:60px;\"><div class=\"icon_list_icon\" data-animation=\"bounceIn\" data-animation-delay=\"03\" style=\"font-size:20px;border-width:1px;border-style:none;background:#1647ce;color:#ffffff;border-color:#333333;\"><i class=\"Defaults-angle-right\" ><\/i><\/div><div class=\"icon_description\" id=\"Info-list-wrap-8325\" style=\"font-size:20px;\"><div class=\"icon_description_text ult-responsive\"  data-ultimate-target='#Info-list-wrap-8325 .icon_description_text'  data-responsive-json-new='{\"font-size\":\"desktop:13px;\",\"line-height\":\"desktop:18px;\"}'  style=\"\"><h3 style=\"text-align: left; color: #454545;\">S\u00e9curit\u00e9 et optimisation des r\u00e9seaux<\/h3>\n<\/div><\/div><div class=\"icon_list_connector\"  style=\"border: none !important;\"><\/div><\/li><li class=\"icon_list_item\" style=\" font-size:60px;\"><div class=\"icon_list_icon\" data-animation=\"bounceIn\" data-animation-delay=\"03\" style=\"font-size:20px;border-width:1px;border-style:none;background:#1647ce;color:#ffffff;border-color:#333333;\"><i class=\"Defaults-angle-right\" ><\/i><\/div><div class=\"icon_description\" id=\"Info-list-wrap-6325\" style=\"font-size:20px;\"><div class=\"icon_description_text ult-responsive\"  data-ultimate-target='#Info-list-wrap-6325 .icon_description_text'  data-responsive-json-new='{\"font-size\":\"desktop:13px;\",\"line-height\":\"desktop:18px;\"}'  style=\"\"><h3 style=\"text-align: left; color: #454545;\">Solutions sans fil pour les entreprises<\/h3>\n<\/div><\/div><div class=\"icon_list_connector\"  style=\"border: none !important;\"><\/div><\/li><li class=\"icon_list_item\" style=\" font-size:60px;\"><div class=\"icon_list_icon\" data-animation=\"bounceIn\" data-animation-delay=\"03\" style=\"font-size:20px;border-width:1px;border-style:none;background:#1647ce;color:#ffffff;border-color:#333333;\"><i class=\"Defaults-angle-right\" ><\/i><\/div><div class=\"icon_description\" id=\"Info-list-wrap-2991\" style=\"font-size:20px;\"><div class=\"icon_description_text ult-responsive\"  data-ultimate-target='#Info-list-wrap-2991 .icon_description_text'  data-responsive-json-new='{\"font-size\":\"desktop:13px;\",\"line-height\":\"desktop:18px;\"}'  style=\"\"><h3 style=\"text-align: left; color: #454545;\">Installation et services de communication unifi\u00e9e (VoIP)<\/h3>\n<\/div><\/div><div class=\"icon_list_connector\"  style=\"border: none !important;\"><\/div><\/li><li class=\"icon_list_item\" style=\" font-size:60px;\"><div class=\"icon_list_icon\" data-animation=\"bounceIn\" data-animation-delay=\"03\" style=\"font-size:20px;border-width:1px;border-style:none;background:#1647ce;color:#ffffff;border-color:#333333;\"><i class=\"Defaults-angle-right\" ><\/i><\/div><div class=\"icon_description\" id=\"Info-list-wrap-5276\" style=\"font-size:20px;\"><div class=\"icon_description_text ult-responsive\"  data-ultimate-target='#Info-list-wrap-5276 .icon_description_text'  data-responsive-json-new='{\"font-size\":\"desktop:13px;\",\"line-height\":\"desktop:18px;\"}'  style=\"\"><h3 style=\"text-align: left; color: #454545;\">Conception de centres de donn\u00e9es et de salles informatiques<\/h3>\n<p style=\"text-align: left; color: #555555;\">G\u00e9n\u00e9rateurs, UPS, A.C., suppression des incendies.<\/p>\n<\/div><\/div><div class=\"icon_list_connector\"  style=\"border: none !important;\"><\/div><\/li><li class=\"icon_list_item\" style=\" font-size:60px;\"><div class=\"icon_list_icon\" data-animation=\"bounceIn\" data-animation-delay=\"03\" style=\"font-size:20px;border-width:1px;border-style:none;background:#1647ce;color:#ffffff;border-color:#333333;\"><i class=\"Defaults-angle-right\" ><\/i><\/div><div class=\"icon_description\" id=\"Info-list-wrap-4534\" style=\"font-size:20px;\"><div class=\"icon_description_text ult-responsive\"  data-ultimate-target='#Info-list-wrap-4534 .icon_description_text'  data-responsive-json-new='{\"font-size\":\"desktop:13px;\",\"line-height\":\"desktop:18px;\"}'  style=\"\"><h3 style=\"text-align: left; color: #454545;\">Conception et installation de c\u00e2blage structur\u00e9 (cat 6, fibre optique) Armoires et rayonnages<\/h3>\n<\/div><\/div><div class=\"icon_list_connector\"  style=\"border: none !important;\"><\/div><\/li><\/ul><\/div><\/div><\/div><\/div><\/div>\n<\/div>","protected":false},"excerpt":{"rendered":"<p class=\"card-text\"> [&#8230;]<\/p>\n<p class=\"m-0\"><a class=\"btn btn-outline-secondary btn-read-more\" href=\"https:\/\/acetechnology.com\/fr\/about\/\">Read More<\/a><\/p>","protected":false},"author":1,"featured_media":0,"parent":0,"menu_order":0,"comment_status":"closed","ping_status":"closed","template":"","meta":{"footnotes":""},"class_list":["post-886","page","type-page","status-publish","hentry"],"yoast_head":"<!-- This site is optimized with the Yoast SEO plugin v26.9 - https:\/\/yoast.com\/product\/yoast-seo-wordpress\/ -->\n<title>About Ace Technology | Ace Technology Inc.<\/title>\n<meta name=\"description\" content=\"Ace Technology provides a comprehensive approach to IT integration from the design stage to the complete implementation of your project.\" \/>\n<meta name=\"robots\" content=\"index, follow, max-snippet:-1, max-image-preview:large, max-video-preview:-1\" \/>\n<link rel=\"canonical\" href=\"https:\/\/acetechnology.com\/fr\/about\/\" \/>\n<meta property=\"og:locale\" content=\"fr_CA\" \/>\n<meta property=\"og:type\" content=\"article\" \/>\n<meta property=\"og:title\" content=\"About Ace Technology | Ace Technology Inc.\" \/>\n<meta property=\"og:description\" content=\"Ace Technology provides a comprehensive approach to IT integration from the design stage to the complete implementation of your project.\" \/>\n<meta property=\"og:url\" content=\"https:\/\/acetechnology.com\/fr\/about\/\" \/>\n<meta property=\"og:site_name\" content=\"Ace Technology Inc.\" \/>\n<meta property=\"article:modified_time\" content=\"2021-05-21T16:34:48+00:00\" \/>\n<meta name=\"twitter:card\" content=\"summary_large_image\" \/>\n<script type=\"application\/ld+json\" class=\"yoast-schema-graph\">{\"@context\":\"https:\/\/schema.org\",\"@graph\":[{\"@type\":\"WebPage\",\"@id\":\"https:\/\/acetechnology.com\/about\/\",\"url\":\"https:\/\/acetechnology.com\/about\/\",\"name\":\"About Ace Technology | Ace Technology Inc.\",\"isPartOf\":{\"@id\":\"https:\/\/acetechnology.com\/fr\/#website\"},\"datePublished\":\"2019-01-10T22:10:27+00:00\",\"dateModified\":\"2021-05-21T16:34:48+00:00\",\"description\":\"Ace Technology provides a comprehensive approach to IT integration from the design stage to the complete implementation of your project.\",\"breadcrumb\":{\"@id\":\"https:\/\/acetechnology.com\/about\/#breadcrumb\"},\"inLanguage\":\"fr-CA\",\"potentialAction\":[{\"@type\":\"ReadAction\",\"target\":[\"https:\/\/acetechnology.com\/about\/\"]}]},{\"@type\":\"BreadcrumbList\",\"@id\":\"https:\/\/acetechnology.com\/about\/#breadcrumb\",\"itemListElement\":[{\"@type\":\"ListItem\",\"position\":1,\"name\":\"Home\",\"item\":\"https:\/\/acetechnology.com\/en\/\"},{\"@type\":\"ListItem\",\"position\":2,\"name\":\"About\"}]},{\"@type\":\"WebSite\",\"@id\":\"https:\/\/acetechnology.com\/fr\/#website\",\"url\":\"https:\/\/acetechnology.com\/fr\/\",\"name\":\"Ace Technology Inc.\",\"description\":\"Enterprise Network Solutions, Services and Telecommunications\",\"publisher\":{\"@id\":\"https:\/\/acetechnology.com\/fr\/#organization\"},\"potentialAction\":[{\"@type\":\"SearchAction\",\"target\":{\"@type\":\"EntryPoint\",\"urlTemplate\":\"https:\/\/acetechnology.com\/fr\/?s={search_term_string}\"},\"query-input\":{\"@type\":\"PropertyValueSpecification\",\"valueRequired\":true,\"valueName\":\"search_term_string\"}}],\"inLanguage\":\"fr-CA\"},{\"@type\":\"Organization\",\"@id\":\"https:\/\/acetechnology.com\/fr\/#organization\",\"name\":\"Ace Technology Inc.\",\"url\":\"https:\/\/acetechnology.com\/fr\/\",\"logo\":{\"@type\":\"ImageObject\",\"inLanguage\":\"fr-CA\",\"@id\":\"https:\/\/acetechnology.com\/fr\/#\/schema\/logo\/image\/\",\"url\":\"https:\/\/acetechnology.com\/wp-content\/uploads\/2021\/03\/AceTechnology_Logo2_80px.png\",\"contentUrl\":\"https:\/\/acetechnology.com\/wp-content\/uploads\/2021\/03\/AceTechnology_Logo2_80px.png\",\"width\":218,\"height\":80,\"caption\":\"Ace Technology Inc.\"},\"image\":{\"@id\":\"https:\/\/acetechnology.com\/fr\/#\/schema\/logo\/image\/\"},\"sameAs\":[\"https:\/\/ca.linkedin.com\/company\/ace-technology-inc-\"]}]}<\/script>\n<!-- \/ Yoast SEO plugin. -->","yoast_head_json":{"title":"About Ace Technology | Ace Technology Inc.","description":"Ace Technology provides a comprehensive approach to IT integration from the design stage to the complete implementation of your project.","robots":{"index":"index","follow":"follow","max-snippet":"max-snippet:-1","max-image-preview":"max-image-preview:large","max-video-preview":"max-video-preview:-1"},"canonical":"https:\/\/acetechnology.com\/fr\/about\/","og_locale":"fr_CA","og_type":"article","og_title":"About Ace Technology | Ace Technology Inc.","og_description":"Ace Technology provides a comprehensive approach to IT integration from the design stage to the complete implementation of your project.","og_url":"https:\/\/acetechnology.com\/fr\/about\/","og_site_name":"Ace Technology Inc.","article_modified_time":"2021-05-21T16:34:48+00:00","twitter_card":"summary_large_image","schema":{"@context":"https:\/\/schema.org","@graph":[{"@type":"WebPage","@id":"https:\/\/acetechnology.com\/about\/","url":"https:\/\/acetechnology.com\/about\/","name":"About Ace Technology | Ace Technology Inc.","isPartOf":{"@id":"https:\/\/acetechnology.com\/fr\/#website"},"datePublished":"2019-01-10T22:10:27+00:00","dateModified":"2021-05-21T16:34:48+00:00","description":"Ace Technology provides a comprehensive approach to IT integration from the design stage to the complete implementation of your project.","breadcrumb":{"@id":"https:\/\/acetechnology.com\/about\/#breadcrumb"},"inLanguage":"fr-CA","potentialAction":[{"@type":"ReadAction","target":["https:\/\/acetechnology.com\/about\/"]}]},{"@type":"BreadcrumbList","@id":"https:\/\/acetechnology.com\/about\/#breadcrumb","itemListElement":[{"@type":"ListItem","position":1,"name":"Home","item":"https:\/\/acetechnology.com\/en\/"},{"@type":"ListItem","position":2,"name":"About"}]},{"@type":"WebSite","@id":"https:\/\/acetechnology.com\/fr\/#website","url":"https:\/\/acetechnology.com\/fr\/","name":"Ace Technology Inc.","description":"Enterprise Network Solutions, Services and Telecommunications","publisher":{"@id":"https:\/\/acetechnology.com\/fr\/#organization"},"potentialAction":[{"@type":"SearchAction","target":{"@type":"EntryPoint","urlTemplate":"https:\/\/acetechnology.com\/fr\/?s={search_term_string}"},"query-input":{"@type":"PropertyValueSpecification","valueRequired":true,"valueName":"search_term_string"}}],"inLanguage":"fr-CA"},{"@type":"Organization","@id":"https:\/\/acetechnology.com\/fr\/#organization","name":"Ace Technology Inc.","url":"https:\/\/acetechnology.com\/fr\/","logo":{"@type":"ImageObject","inLanguage":"fr-CA","@id":"https:\/\/acetechnology.com\/fr\/#\/schema\/logo\/image\/","url":"https:\/\/acetechnology.com\/wp-content\/uploads\/2021\/03\/AceTechnology_Logo2_80px.png","contentUrl":"https:\/\/acetechnology.com\/wp-content\/uploads\/2021\/03\/AceTechnology_Logo2_80px.png","width":218,"height":80,"caption":"Ace Technology Inc."},"image":{"@id":"https:\/\/acetechnology.com\/fr\/#\/schema\/logo\/image\/"},"sameAs":["https:\/\/ca.linkedin.com\/company\/ace-technology-inc-"]}]}},"_links":{"self":[{"href":"https:\/\/acetechnology.com\/fr\/wp-json\/wp\/v2\/pages\/886","targetHints":{"allow":["GET"]}}],"collection":[{"href":"https:\/\/acetechnology.com\/fr\/wp-json\/wp\/v2\/pages"}],"about":[{"href":"https:\/\/acetechnology.com\/fr\/wp-json\/wp\/v2\/types\/page"}],"author":[{"embeddable":true,"href":"https:\/\/acetechnology.com\/fr\/wp-json\/wp\/v2\/users\/1"}],"replies":[{"embeddable":true,"href":"https:\/\/acetechnology.com\/fr\/wp-json\/wp\/v2\/comments?post=886"}],"version-history":[{"count":54,"href":"https:\/\/acetechnology.com\/fr\/wp-json\/wp\/v2\/pages\/886\/revisions"}],"predecessor-version":[{"id":3390,"href":"https:\/\/acetechnology.com\/fr\/wp-json\/wp\/v2\/pages\/886\/revisions\/3390"}],"wp:attachment":[{"href":"https:\/\/acetechnology.com\/fr\/wp-json\/wp\/v2\/media?parent=886"}],"curies":[{"name":"wp","href":"https:\/\/api.w.org\/{rel}","templated":true}]}}