{"id":3093,"date":"2021-05-07T18:40:35","date_gmt":"2021-05-07T18:40:35","guid":{"rendered":"https:\/\/acetechnology.com\/?page_id=3093"},"modified":"2021-05-21T17:06:01","modified_gmt":"2021-05-21T17:06:01","slug":"data-center-cabling-2","status":"publish","type":"page","link":"https:\/\/acetechnology.com\/fr\/data-center-cabling-2\/","title":{"rendered":"C\u00e2blage de centre de donn\u00e9es"},"content":{"rendered":"<div class=\"wpb-content-wrapper\"><div class=\"vc_row wpb_row vc_row-fluid\"><div class=\"wpb_column vc_column_container vc_col-sm-12\"><div class=\"vc_column-inner\"><div class=\"wpb_wrapper\"><div class=\"vc_empty_space\"   style=\"height: 50px\"><span class=\"vc_empty_space_inner\"><\/span><\/div><\/div><\/div><\/div><\/div><div data-vc-full-width=\"true\" data-vc-full-width-init=\"false\" class=\"vc_row wpb_row vc_row-fluid vc_row-o-equal-height vc_row-flex\"><div class=\"wpb_column vc_column_container vc_col-sm-6\"><div class=\"vc_column-inner\"><div class=\"wpb_wrapper\">\n\t<div class=\"wpb_text_column wpb_content_element wpb_animate_when_almost_visible wpb_fadeInLeft fadeInLeft\" >\n\t\t<div class=\"wpb_wrapper\">\n\t\t\t<p style=\"text-align: left; color: #454545; line-height: 2; font-size: 17px;\" class=\" translation-block\">Les serveurs sont le cerveau de la plupart des entreprises. Les salles et les racks qui abritent ces serveurs constituent une partie essentielle de l'infrastructure de c\u00e2blage d'une entreprise. \u00c9tant donn\u00e9 que les serveurs, les racks et le c\u00e2blage n\u00e9cessaire repr\u00e9sentent g\u00e9n\u00e9ralement une grande partie du budget d'un responsable informatique, celui-ci doit s'assurer que cet environnement est construit correctement.<\/p>\n<p style=\"text-align: left; color: #454545; line-height: 2; font-size: 17px;\">Dans de nombreux cas, les serveurs sont situ\u00e9s s\u00e9par\u00e9ment de l'armoire de c\u00e2blage de l'entreprise. Dans ce cas, il faut installer des c\u00e2bles de liaison, en cuivre ou en fibre, pour assurer la connectivit\u00e9 entre l'\u00e9quipement de r\u00e9seau, qui fournit le tuyau \u00e0 l'utilisateur final et les serveurs de l'entreprise, qui stockent les informations importantes. Nous \u00e9tiquetons et testons ensuite toutes les connexions.<\/p>\n\n\t\t<\/div>\n\t<\/div>\n<\/div><\/div><\/div><div class=\"wpb_animate_when_almost_visible wpb_fadeInRight fadeInRight wpb_column vc_column_container vc_col-sm-6 vc_col-has-fill\"><div class=\"vc_column-inner vc_custom_1620413696927\"><div class=\"wpb_wrapper\"><div class=\"vc_empty_space\"   style=\"height: 100px\"><span class=\"vc_empty_space_inner\"><\/span><\/div><\/div><\/div><\/div><\/div><div class=\"vc_row-full-width vc_clearfix\"><\/div><div class=\"vc_row wpb_row vc_row-fluid\"><div class=\"wpb_column vc_column_container vc_col-sm-12\"><div class=\"vc_column-inner\"><div class=\"wpb_wrapper\"><div class=\"vc_empty_space\"   style=\"height: 70px\"><span class=\"vc_empty_space_inner\"><\/span><\/div><\/div><\/div><\/div><\/div><div data-vc-full-width=\"true\" data-vc-full-width-init=\"false\" class=\"vc_row wpb_row vc_row-fluid\"><div class=\"wpb_animate_when_almost_visible wpb_fadeInDown fadeInDown wpb_column vc_column_container vc_col-sm-12\"><div class=\"vc_column-inner\"><div class=\"wpb_wrapper\"><div class=\"vc_empty_space\"   style=\"height: 32px\"><span class=\"vc_empty_space_inner\"><\/span><\/div>\n\t<div class=\"wpb_text_column wpb_content_element\" >\n\t\t<div class=\"wpb_wrapper\">\n\t\t\t<h2 style=\"text-align: center; font-size: 18px; line-height: 2; color: white;\">Ace Technology poss\u00e8de une grande exp\u00e9rience dans l'installation, l'expansion et la relocalisation de centres de donn\u00e9es.<\/h2>\n\n\t\t<\/div>\n\t<\/div>\n<div class=\"vc_empty_space\"   style=\"height: 32px\"><span class=\"vc_empty_space_inner\"><\/span><\/div><\/div><\/div><\/div><\/div><div class=\"vc_row-full-width vc_clearfix\"><\/div><!-- Row Backgrounds --><div class=\"upb_color\" data-bg-override=\"0\" data-bg-color=\"#1e73be\" data-fadeout=\"\" data-fadeout-percentage=\"30\" data-parallax-content=\"\" data-parallax-content-sense=\"30\" data-row-effect-mobile-disable=\"true\" data-img-parallax-mobile-disable=\"true\" data-rtl=\"false\"  data-custom-vc-row=\"\"  data-vc=\"7.9\"  data-is_old_vc=\"\"  data-theme-support=\"\"   data-overlay=\"false\" data-overlay-color=\"\" data-overlay-pattern=\"\" data-overlay-pattern-opacity=\"\" data-overlay-pattern-size=\"\"    ><\/div><div class=\"vc_row wpb_row vc_row-fluid\"><div class=\"wpb_column vc_column_container vc_col-sm-12\"><div class=\"vc_column-inner\"><div class=\"wpb_wrapper\"><div class=\"vc_empty_space\"   style=\"height: 50px\"><span class=\"vc_empty_space_inner\"><\/span><\/div><\/div><\/div><\/div><\/div><div data-vc-full-width=\"true\" data-vc-full-width-init=\"false\" class=\"vc_row wpb_row vc_row-fluid wpb_animate_when_almost_visible wpb_fadeInRight fadeInRight vc_column-gap-5 vc_row-o-equal-height vc_row-o-content-middle vc_row-flex\"><div class=\"wpb_column vc_column_container vc_col-sm-12\"><div class=\"vc_column-inner\"><div class=\"wpb_wrapper\">\n\t<div class=\"wpb_text_column wpb_content_element vc_custom_1619017361390\" >\n\t\t<div class=\"wpb_wrapper\">\n\t\t\t<h1 style=\"color: black; font-size: 40px; text-align: center;\">Parmi les projets r\u00e9cents, nous comptons :<\/h1>\n\n\t\t<\/div>\n\t<\/div>\n<div class=\"vc_row wpb_row vc_inner vc_row-fluid vc_row-o-equal-height vc_row-flex\"><div class=\"wpb_column vc_column_container vc_col-sm-4\"><div class=\"vc_column-inner\"><div class=\"wpb_wrapper\"><div class=\"smile_icon_list_wrap ult_info_list_container ult-adjust-bottom-margin\"><ul class=\"smile_icon_list left circle with_bg\"><li class=\"icon_list_item\" style=\" font-size:48px;\"><div class=\"icon_list_icon\" data-animation=\"\" data-animation-delay=\"03\" style=\"font-size:16px;border-width:1px;border-style:none;background:#1e73be;color:#ffffff;border-color:#333333;\"><i class=\"Defaults-angle-right\" ><\/i><\/div><div class=\"icon_description\" id=\"Info-list-wrap-8712\" style=\"font-size:16px;\"><div class=\"icon_description_text ult-responsive\"  data-ultimate-target='#Info-list-wrap-8712 .icon_description_text'  data-responsive-json-new='{\"font-size\":\"desktop:14px;\",\"line-height\":\"desktop:18px;\"}'  style=\"\"><h5 class=\"custom-bullet-title\" style=\"color: #454545; text-align: left;\">Armoires de r\u00e9seau, de serveur et de SAN<\/h5>\n<\/div><\/div><div class=\"icon_list_connector\"  style=\"border: none !important;\"><\/div><\/li><\/ul><\/div><\/div><\/div><\/div><div class=\"wpb_column vc_column_container vc_col-sm-4\"><div class=\"vc_column-inner\"><div class=\"wpb_wrapper\"><div class=\"smile_icon_list_wrap ult_info_list_container ult-adjust-bottom-margin\"><ul class=\"smile_icon_list left circle with_bg\"><li class=\"icon_list_item\" style=\" font-size:48px;\"><div class=\"icon_list_icon\" data-animation=\"\" data-animation-delay=\"03\" style=\"font-size:16px;border-width:1px;border-style:none;background:#1e73be;color:#ffffff;border-color:#333333;\"><i class=\"Defaults-angle-right\" ><\/i><\/div><div class=\"icon_description\" id=\"Info-list-wrap-4252\" style=\"font-size:16px;\"><div class=\"icon_description_text ult-responsive\"  data-ultimate-target='#Info-list-wrap-4252 .icon_description_text'  data-responsive-json-new='{\"font-size\":\"desktop:14px;\",\"line-height\":\"desktop:18px;\"}'  style=\"\"><h5 class=\"custom-bullet-title\" style=\"color: #454545; text-align: left;\">Fibres optiques monomodes et multimodes<\/h5>\n<\/div><\/div><div class=\"icon_list_connector\"  style=\"border: none !important;\"><\/div><\/li><\/ul><\/div><\/div><\/div><\/div><div class=\"wpb_column vc_column_container vc_col-sm-4\"><div class=\"vc_column-inner\"><div class=\"wpb_wrapper\"><div class=\"smile_icon_list_wrap ult_info_list_container ult-adjust-bottom-margin\"><ul class=\"smile_icon_list left circle with_bg\"><li class=\"icon_list_item\" style=\" font-size:48px;\"><div class=\"icon_list_icon\" data-animation=\"\" data-animation-delay=\"03\" style=\"font-size:16px;border-width:1px;border-style:none;background:#1e73be;color:#ffffff;border-color:#333333;\"><i class=\"Defaults-angle-right\" ><\/i><\/div><div class=\"icon_description\" id=\"Info-list-wrap-9155\" style=\"font-size:16px;\"><div class=\"icon_description_text ult-responsive\"  data-ultimate-target='#Info-list-wrap-9155 .icon_description_text'  data-responsive-json-new='{\"font-size\":\"desktop:14px;\",\"line-height\":\"desktop:18px;\"}'  style=\"\"><h5 class=\"custom-bullet-title\" style=\"color: #454545; text-align: left;\">Conception de planchers sur\u00e9lev\u00e9s et de dalles de plancher<\/h5>\n<\/div><\/div><div class=\"icon_list_connector\"  style=\"border: none !important;\"><\/div><\/li><\/ul><\/div><\/div><\/div><\/div><\/div><div class=\"vc_row wpb_row vc_inner vc_row-fluid vc_row-o-equal-height vc_row-flex\"><div class=\"wpb_column vc_column_container vc_col-sm-4\"><div class=\"vc_column-inner\"><div class=\"wpb_wrapper\"><div class=\"smile_icon_list_wrap ult_info_list_container ult-adjust-bottom-margin\"><ul class=\"smile_icon_list left circle with_bg\"><li class=\"icon_list_item\" style=\" font-size:48px;\"><div class=\"icon_list_icon\" data-animation=\"\" data-animation-delay=\"03\" style=\"font-size:16px;border-width:1px;border-style:none;background:#1e73be;color:#ffffff;border-color:#333333;\"><i class=\"Defaults-angle-right\" ><\/i><\/div><div class=\"icon_description\" id=\"Info-list-wrap-7949\" style=\"font-size:16px;\"><div class=\"icon_description_text ult-responsive\"  data-ultimate-target='#Info-list-wrap-7949 .icon_description_text'  data-responsive-json-new='{\"font-size\":\"desktop:14px;\",\"line-height\":\"desktop:18px;\"}'  style=\"\"><h5 class=\"custom-bullet-title\" style=\"color: #454545; text-align: left;\">Supports d'\u00e9quipement et gestion des c\u00e2bles<\/h5>\n<\/div><\/div><div class=\"icon_list_connector\"  style=\"border: none !important;\"><\/div><\/li><\/ul><\/div><\/div><\/div><\/div><div class=\"wpb_column vc_column_container vc_col-sm-4\"><div class=\"vc_column-inner\"><div class=\"wpb_wrapper\"><div class=\"smile_icon_list_wrap ult_info_list_container ult-adjust-bottom-margin\"><ul class=\"smile_icon_list left circle with_bg\"><li class=\"icon_list_item\" style=\" font-size:48px;\"><div class=\"icon_list_icon\" data-animation=\"\" data-animation-delay=\"03\" style=\"font-size:16px;border-width:1px;border-style:none;background:#1e73be;color:#ffffff;border-color:#333333;\"><i class=\"Defaults-angle-right\" ><\/i><\/div><div class=\"icon_description\" id=\"Info-list-wrap-1563\" style=\"font-size:16px;\"><div class=\"icon_description_text ult-responsive\"  data-ultimate-target='#Info-list-wrap-1563 .icon_description_text'  data-responsive-json-new='{\"font-size\":\"desktop:14px;\",\"line-height\":\"desktop:18px;\"}'  style=\"\"><h5 class=\"custom-bullet-title\" style=\"color: #454545; text-align: left;\">Syst\u00e8mes \u00e0 pods pour le confinement des all\u00e9es chaudes<\/h5>\n<\/div><\/div><div class=\"icon_list_connector\"  style=\"border: none !important;\"><\/div><\/li><\/ul><\/div><\/div><\/div><\/div><div class=\"wpb_column vc_column_container vc_col-sm-4\"><div class=\"vc_column-inner\"><div class=\"wpb_wrapper\"><div class=\"smile_icon_list_wrap ult_info_list_container ult-adjust-bottom-margin\"><ul class=\"smile_icon_list left circle with_bg\"><li class=\"icon_list_item\" style=\" font-size:48px;\"><div class=\"icon_list_icon\" data-animation=\"\" data-animation-delay=\"03\" style=\"font-size:16px;border-width:1px;border-style:none;background:#1e73be;color:#ffffff;border-color:#333333;\"><i class=\"Defaults-angle-right\" ><\/i><\/div><div class=\"icon_description\" id=\"Info-list-wrap-6023\" style=\"font-size:16px;\"><div class=\"icon_description_text ult-responsive\"  data-ultimate-target='#Info-list-wrap-6023 .icon_description_text'  data-responsive-json-new='{\"font-size\":\"desktop:14px;\",\"line-height\":\"desktop:18px;\"}'  style=\"\"><h5 class=\"custom-bullet-title\" style=\"color: #454545; text-align: left;\">Syst\u00e8mes de surveillance et d'acc\u00e8s aux centres de donn\u00e9es<\/h5>\n<\/div><\/div><div class=\"icon_list_connector\"  style=\"border: none !important;\"><\/div><\/li><\/ul><\/div><\/div><\/div><\/div><\/div><div class=\"vc_row wpb_row vc_inner vc_row-fluid vc_row-o-equal-height vc_row-flex\"><div class=\"wpb_column vc_column_container vc_col-sm-4\"><div class=\"vc_column-inner\"><div class=\"wpb_wrapper\"><div class=\"smile_icon_list_wrap ult_info_list_container ult-adjust-bottom-margin\"><ul class=\"smile_icon_list left circle with_bg\"><li class=\"icon_list_item\" style=\" font-size:48px;\"><div class=\"icon_list_icon\" data-animation=\"\" data-animation-delay=\"03\" style=\"font-size:16px;border-width:1px;border-style:none;background:#1e73be;color:#ffffff;border-color:#333333;\"><i class=\"Defaults-angle-right\" ><\/i><\/div><div class=\"icon_description\" id=\"Info-list-wrap-2332\" style=\"font-size:16px;\"><div class=\"icon_description_text ult-responsive\"  data-ultimate-target='#Info-list-wrap-2332 .icon_description_text'  data-responsive-json-new='{\"font-size\":\"desktop:14px;\",\"line-height\":\"desktop:18px;\"}'  style=\"\"><h5 class=\"custom-bullet-title\" style=\"color: #454545; text-align: left;\">Syst\u00e8mes de rayonnages \u00e0 \u00e9chelles et de chemins de c\u00e2bles \u00e0 plusieurs niveaux<\/h5>\n<\/div><\/div><div class=\"icon_list_connector\"  style=\"border: none !important;\"><\/div><\/li><\/ul><\/div><\/div><\/div><\/div><div class=\"wpb_column vc_column_container vc_col-sm-4\"><div class=\"vc_column-inner\"><div class=\"wpb_wrapper\"><div class=\"smile_icon_list_wrap ult_info_list_container ult-adjust-bottom-margin\"><ul class=\"smile_icon_list left circle with_bg\"><li class=\"icon_list_item\" style=\" font-size:48px;\"><div class=\"icon_list_icon\" data-animation=\"\" data-animation-delay=\"03\" style=\"font-size:16px;border-width:1px;border-style:none;background:#1e73be;color:#ffffff;border-color:#333333;\"><i class=\"Defaults-angle-right\" ><\/i><\/div><div class=\"icon_description\" id=\"Info-list-wrap-2265\" style=\"font-size:16px;\"><div class=\"icon_description_text ult-responsive\"  data-ultimate-target='#Info-list-wrap-2265 .icon_description_text'  data-responsive-json-new='{\"font-size\":\"desktop:14px;\",\"line-height\":\"desktop:18px;\"}'  style=\"\"><h5 class=\"custom-bullet-title\" style=\"color: #454545; text-align: left;\">Syst\u00e8mes complets de mise \u00e0 la terre et de liaison<\/h5>\n<\/div><\/div><div class=\"icon_list_connector\"  style=\"border: none !important;\"><\/div><\/li><\/ul><\/div><\/div><\/div><\/div><div class=\"wpb_column vc_column_container vc_col-sm-4\"><div class=\"vc_column-inner\"><div class=\"wpb_wrapper\"><div class=\"smile_icon_list_wrap ult_info_list_container ult-adjust-bottom-margin\"><ul class=\"smile_icon_list left circle with_bg\"><li class=\"icon_list_item\" style=\" font-size:48px;\"><div class=\"icon_list_icon\" data-animation=\"\" data-animation-delay=\"03\" style=\"font-size:16px;border-width:1px;border-style:none;background:#1e73be;color:#ffffff;border-color:#333333;\"><i class=\"Defaults-angle-right\" ><\/i><\/div><div class=\"icon_description\" id=\"Info-list-wrap-6813\" style=\"font-size:16px;\"><div class=\"icon_description_text ult-responsive\"  data-ultimate-target='#Info-list-wrap-6813 .icon_description_text'  data-responsive-json-new='{\"font-size\":\"desktop:14px;\",\"line-height\":\"desktop:18px;\"}'  style=\"\"><h5 class=\"custom-bullet-title\" style=\"color: #454545; text-align: left;\">Mise en service du syst\u00e8me et test\/documentation de la garantie du fabricant<\/h5>\n<\/div><\/div><div class=\"icon_list_connector\"  style=\"border: none !important;\"><\/div><\/li><\/ul><\/div><\/div><\/div><\/div><\/div><\/div><\/div><\/div><\/div><div class=\"vc_row-full-width vc_clearfix\"><\/div><div data-vc-full-width=\"true\" data-vc-full-width-init=\"false\" class=\"vc_row wpb_row vc_row-fluid\"><div class=\"wpb_column vc_column_container vc_col-sm-12\"><div class=\"vc_column-inner\"><div class=\"wpb_wrapper\"><div class=\"vc_empty_space\"   style=\"height: 32px\"><span class=\"vc_empty_space_inner\"><\/span><\/div>\n\t<div class=\"wpb_text_column wpb_content_element\" >\n\t\t<div class=\"wpb_wrapper\">\n\t\t\t<p style=\"font-size: 18px; line-height: 2; color: #454545; text-align: left;\">ACE TECHNOLOGY a d\u00e9plac\u00e9 plusieurs centres de donn\u00e9es de campus tout en maintenant un service ininterrompu.\u00a0 L'extension de la fibre h\u00e9rit\u00e9e vers le nouveau mat\u00e9riel \u00e0 haute densit\u00e9 ainsi que le double service sur les grands syst\u00e8mes PBX traditionnels ont prolong\u00e9 la dur\u00e9e de vie des infrastructures existantes pendant les transitions vers des technologies plus r\u00e9centes et de nouvelles installations de centres de donn\u00e9es.<\/p>\n\n\t\t<\/div>\n\t<\/div>\n<\/div><\/div><\/div><\/div><div class=\"vc_row-full-width vc_clearfix\"><\/div><div class=\"vc_row wpb_row vc_row-fluid\"><div class=\"wpb_column vc_column_container vc_col-sm-12\"><div class=\"vc_column-inner\"><div class=\"wpb_wrapper\"><div class=\"vc_empty_space\"   style=\"height: 50px\"><span class=\"vc_empty_space_inner\"><\/span><\/div><\/div><\/div><\/div><\/div>\n<\/div>","protected":false},"excerpt":{"rendered":"<p class=\"card-text\"> [&#8230;]<\/p>\n<p class=\"m-0\"><a class=\"btn btn-outline-secondary btn-read-more\" href=\"https:\/\/acetechnology.com\/fr\/data-center-cabling-2\/\">Read More<\/a><\/p>","protected":false},"author":1,"featured_media":0,"parent":0,"menu_order":0,"comment_status":"closed","ping_status":"closed","template":"","meta":{"footnotes":""},"class_list":["post-3093","page","type-page","status-publish","hentry"],"yoast_head":"<!-- This site is optimized with the Yoast SEO plugin v26.9 - https:\/\/yoast.com\/product\/yoast-seo-wordpress\/ -->\n<title>Data Center Cabling | Ace Technology Inc.<\/title>\n<meta name=\"description\" content=\"Servers are the brains of most corporations. The rooms and racks that house these servers are a critical part of a company\u2019s cabling infrastructure.\" \/>\n<meta name=\"robots\" content=\"index, follow, max-snippet:-1, max-image-preview:large, max-video-preview:-1\" \/>\n<link rel=\"canonical\" href=\"https:\/\/acetechnology.com\/fr\/data-center-cabling-2\/\" \/>\n<meta property=\"og:locale\" content=\"fr_CA\" \/>\n<meta property=\"og:type\" content=\"article\" \/>\n<meta property=\"og:title\" content=\"Data Center Cabling | Ace Technology Inc.\" \/>\n<meta property=\"og:description\" content=\"Servers are the brains of most corporations. The rooms and racks that house these servers are a critical part of a company\u2019s cabling infrastructure.\" \/>\n<meta property=\"og:url\" content=\"https:\/\/acetechnology.com\/fr\/data-center-cabling-2\/\" \/>\n<meta property=\"og:site_name\" content=\"Ace Technology Inc.\" \/>\n<meta property=\"article:modified_time\" content=\"2021-05-21T17:06:01+00:00\" \/>\n<meta name=\"twitter:card\" content=\"summary_large_image\" \/>\n<script type=\"application\/ld+json\" class=\"yoast-schema-graph\">{\"@context\":\"https:\/\/schema.org\",\"@graph\":[{\"@type\":\"WebPage\",\"@id\":\"https:\/\/acetechnology.com\/data-center-cabling-2\/\",\"url\":\"https:\/\/acetechnology.com\/data-center-cabling-2\/\",\"name\":\"Data Center Cabling | Ace Technology Inc.\",\"isPartOf\":{\"@id\":\"https:\/\/acetechnology.com\/fr\/#website\"},\"datePublished\":\"2021-05-07T18:40:35+00:00\",\"dateModified\":\"2021-05-21T17:06:01+00:00\",\"description\":\"Servers are the brains of most corporations. The rooms and racks that house these servers are a critical part of a company\u2019s cabling infrastructure.\",\"breadcrumb\":{\"@id\":\"https:\/\/acetechnology.com\/data-center-cabling-2\/#breadcrumb\"},\"inLanguage\":\"fr-CA\",\"potentialAction\":[{\"@type\":\"ReadAction\",\"target\":[\"https:\/\/acetechnology.com\/data-center-cabling-2\/\"]}]},{\"@type\":\"BreadcrumbList\",\"@id\":\"https:\/\/acetechnology.com\/data-center-cabling-2\/#breadcrumb\",\"itemListElement\":[{\"@type\":\"ListItem\",\"position\":1,\"name\":\"Home\",\"item\":\"https:\/\/acetechnology.com\/en\/\"},{\"@type\":\"ListItem\",\"position\":2,\"name\":\"Data Center Cabling\"}]},{\"@type\":\"WebSite\",\"@id\":\"https:\/\/acetechnology.com\/fr\/#website\",\"url\":\"https:\/\/acetechnology.com\/fr\/\",\"name\":\"Ace Technology Inc.\",\"description\":\"Enterprise Network Solutions, Services and Telecommunications\",\"publisher\":{\"@id\":\"https:\/\/acetechnology.com\/fr\/#organization\"},\"potentialAction\":[{\"@type\":\"SearchAction\",\"target\":{\"@type\":\"EntryPoint\",\"urlTemplate\":\"https:\/\/acetechnology.com\/fr\/?s={search_term_string}\"},\"query-input\":{\"@type\":\"PropertyValueSpecification\",\"valueRequired\":true,\"valueName\":\"search_term_string\"}}],\"inLanguage\":\"fr-CA\"},{\"@type\":\"Organization\",\"@id\":\"https:\/\/acetechnology.com\/fr\/#organization\",\"name\":\"Ace Technology Inc.\",\"url\":\"https:\/\/acetechnology.com\/fr\/\",\"logo\":{\"@type\":\"ImageObject\",\"inLanguage\":\"fr-CA\",\"@id\":\"https:\/\/acetechnology.com\/fr\/#\/schema\/logo\/image\/\",\"url\":\"https:\/\/acetechnology.com\/wp-content\/uploads\/2021\/03\/AceTechnology_Logo2_80px.png\",\"contentUrl\":\"https:\/\/acetechnology.com\/wp-content\/uploads\/2021\/03\/AceTechnology_Logo2_80px.png\",\"width\":218,\"height\":80,\"caption\":\"Ace Technology Inc.\"},\"image\":{\"@id\":\"https:\/\/acetechnology.com\/fr\/#\/schema\/logo\/image\/\"},\"sameAs\":[\"https:\/\/ca.linkedin.com\/company\/ace-technology-inc-\"]}]}<\/script>\n<!-- \/ Yoast SEO plugin. -->","yoast_head_json":{"title":"Data Center Cabling | Ace Technology Inc.","description":"Servers are the brains of most corporations. The rooms and racks that house these servers are a critical part of a company\u2019s cabling infrastructure.","robots":{"index":"index","follow":"follow","max-snippet":"max-snippet:-1","max-image-preview":"max-image-preview:large","max-video-preview":"max-video-preview:-1"},"canonical":"https:\/\/acetechnology.com\/fr\/data-center-cabling-2\/","og_locale":"fr_CA","og_type":"article","og_title":"Data Center Cabling | Ace Technology Inc.","og_description":"Servers are the brains of most corporations. The rooms and racks that house these servers are a critical part of a company\u2019s cabling infrastructure.","og_url":"https:\/\/acetechnology.com\/fr\/data-center-cabling-2\/","og_site_name":"Ace Technology Inc.","article_modified_time":"2021-05-21T17:06:01+00:00","twitter_card":"summary_large_image","schema":{"@context":"https:\/\/schema.org","@graph":[{"@type":"WebPage","@id":"https:\/\/acetechnology.com\/data-center-cabling-2\/","url":"https:\/\/acetechnology.com\/data-center-cabling-2\/","name":"Data Center Cabling | Ace Technology Inc.","isPartOf":{"@id":"https:\/\/acetechnology.com\/fr\/#website"},"datePublished":"2021-05-07T18:40:35+00:00","dateModified":"2021-05-21T17:06:01+00:00","description":"Servers are the brains of most corporations. The rooms and racks that house these servers are a critical part of a company\u2019s cabling infrastructure.","breadcrumb":{"@id":"https:\/\/acetechnology.com\/data-center-cabling-2\/#breadcrumb"},"inLanguage":"fr-CA","potentialAction":[{"@type":"ReadAction","target":["https:\/\/acetechnology.com\/data-center-cabling-2\/"]}]},{"@type":"BreadcrumbList","@id":"https:\/\/acetechnology.com\/data-center-cabling-2\/#breadcrumb","itemListElement":[{"@type":"ListItem","position":1,"name":"Home","item":"https:\/\/acetechnology.com\/en\/"},{"@type":"ListItem","position":2,"name":"Data Center Cabling"}]},{"@type":"WebSite","@id":"https:\/\/acetechnology.com\/fr\/#website","url":"https:\/\/acetechnology.com\/fr\/","name":"Ace Technology Inc.","description":"Enterprise Network Solutions, Services and Telecommunications","publisher":{"@id":"https:\/\/acetechnology.com\/fr\/#organization"},"potentialAction":[{"@type":"SearchAction","target":{"@type":"EntryPoint","urlTemplate":"https:\/\/acetechnology.com\/fr\/?s={search_term_string}"},"query-input":{"@type":"PropertyValueSpecification","valueRequired":true,"valueName":"search_term_string"}}],"inLanguage":"fr-CA"},{"@type":"Organization","@id":"https:\/\/acetechnology.com\/fr\/#organization","name":"Ace Technology Inc.","url":"https:\/\/acetechnology.com\/fr\/","logo":{"@type":"ImageObject","inLanguage":"fr-CA","@id":"https:\/\/acetechnology.com\/fr\/#\/schema\/logo\/image\/","url":"https:\/\/acetechnology.com\/wp-content\/uploads\/2021\/03\/AceTechnology_Logo2_80px.png","contentUrl":"https:\/\/acetechnology.com\/wp-content\/uploads\/2021\/03\/AceTechnology_Logo2_80px.png","width":218,"height":80,"caption":"Ace Technology Inc."},"image":{"@id":"https:\/\/acetechnology.com\/fr\/#\/schema\/logo\/image\/"},"sameAs":["https:\/\/ca.linkedin.com\/company\/ace-technology-inc-"]}]}},"_links":{"self":[{"href":"https:\/\/acetechnology.com\/fr\/wp-json\/wp\/v2\/pages\/3093","targetHints":{"allow":["GET"]}}],"collection":[{"href":"https:\/\/acetechnology.com\/fr\/wp-json\/wp\/v2\/pages"}],"about":[{"href":"https:\/\/acetechnology.com\/fr\/wp-json\/wp\/v2\/types\/page"}],"author":[{"embeddable":true,"href":"https:\/\/acetechnology.com\/fr\/wp-json\/wp\/v2\/users\/1"}],"replies":[{"embeddable":true,"href":"https:\/\/acetechnology.com\/fr\/wp-json\/wp\/v2\/comments?post=3093"}],"version-history":[{"count":14,"href":"https:\/\/acetechnology.com\/fr\/wp-json\/wp\/v2\/pages\/3093\/revisions"}],"predecessor-version":[{"id":3393,"href":"https:\/\/acetechnology.com\/fr\/wp-json\/wp\/v2\/pages\/3093\/revisions\/3393"}],"wp:attachment":[{"href":"https:\/\/acetechnology.com\/fr\/wp-json\/wp\/v2\/media?parent=3093"}],"curies":[{"name":"wp","href":"https:\/\/api.w.org\/{rel}","templated":true}]}}