{"id":2739,"date":"2021-04-29T03:10:41","date_gmt":"2021-04-29T03:10:41","guid":{"rendered":"https:\/\/acetechnology.com\/?page_id=2739"},"modified":"2021-05-21T16:40:11","modified_gmt":"2021-05-21T16:40:11","slug":"acevault","status":"publish","type":"page","link":"https:\/\/acetechnology.com\/fr\/acevault\/","title":{"rendered":"AceVault"},"content":{"rendered":"<div class=\"wpb-content-wrapper\"><div data-vc-full-width=\"true\" data-vc-full-width-init=\"false\" class=\"vc_row wpb_row vc_row-fluid wpb_animate_when_almost_visible wpb_fadeInDown fadeInDown vc_row-o-equal-height vc_row-flex\"><div class=\"wpb_column vc_column_container vc_col-sm-12\"><div class=\"vc_column-inner\"><div class=\"wpb_wrapper\">\n\t<div class=\"wpb_text_column wpb_content_element\" >\n\t\t<div class=\"wpb_wrapper\">\n\t\t\t<h2 style=\"text-align: center; color: white; font-size: 40px;\">Continuit\u00e9 des activit\u00e9s assur\u00e9e<\/h2>\n\n\t\t<\/div>\n\t<\/div>\n\n\t<div class=\"wpb_text_column wpb_content_element\" >\n\t\t<div class=\"wpb_wrapper\">\n\t\t\t<p class=\"page-text\" style=\"text-align: center; font-size: 17px; line-height: 2; color: white;\">Minimizing downtime and data loss essential for business. AceVault Backup &amp; Recovery Solutions help meet your stringent Business Continuity Objectives by offering same business day onsite data recovery services.<\/p>\n\n\t\t<\/div>\n\t<\/div>\n<\/div><\/div><\/div><\/div><div class=\"vc_row-full-width vc_clearfix\"><\/div><!-- Row Backgrounds --><div class=\"upb_color\" data-bg-override=\"0\" data-bg-color=\"#1e73be\" data-fadeout=\"\" data-fadeout-percentage=\"30\" data-parallax-content=\"\" data-parallax-content-sense=\"30\" data-row-effect-mobile-disable=\"true\" data-img-parallax-mobile-disable=\"true\" data-rtl=\"false\"  data-custom-vc-row=\"\"  data-vc=\"7.9\"  data-is_old_vc=\"\"  data-theme-support=\"\"   data-overlay=\"false\" data-overlay-color=\"\" data-overlay-pattern=\"\" data-overlay-pattern-opacity=\"\" data-overlay-pattern-size=\"\"    ><\/div><div data-vc-full-width=\"true\" data-vc-full-width-init=\"false\" class=\"vc_row wpb_row vc_row-fluid\"><div class=\"wpb_column vc_column_container vc_col-sm-12\"><div class=\"vc_column-inner\"><div class=\"wpb_wrapper\">\n\t<div class=\"wpb_text_column wpb_content_element\" >\n\t\t<div class=\"wpb_wrapper\">\n\t\t\t<h1 style=\"text-align: center; color: black; font-size: 40px;\">Pourquoi choisir les services AceVault?<\/h1>\n\n\t\t<\/div>\n\t<\/div>\n<\/div><\/div><\/div><\/div><div class=\"vc_row-full-width vc_clearfix\"><\/div><div class=\"vc_row wpb_row vc_row-fluid\"><div class=\"wpb_column vc_column_container vc_col-sm-12\"><div class=\"vc_column-inner\"><div class=\"wpb_wrapper\"><div class=\"vc_empty_space\"   style=\"height: 32px\"><span class=\"vc_empty_space_inner\"><\/span><\/div><\/div><\/div><\/div><\/div><div class=\"vc_row wpb_row vc_row-fluid vc_row-o-equal-height vc_row-flex\"><div class=\"wpb_column vc_column_container vc_col-sm-12\"><div class=\"vc_column-inner\"><div class=\"wpb_wrapper\"><div class=\"vc_row wpb_row vc_inner vc_row-fluid vc_row-o-equal-height vc_row-flex\"><div class=\"wpb_column vc_column_container vc_col-sm-6\"><div class=\"vc_column-inner\"><div class=\"wpb_wrapper\"><div class=\"smile_icon_list_wrap ult_info_list_container ult-adjust-bottom-margin\"><ul class=\"smile_icon_list left circle with_bg\"><li class=\"icon_list_item\" style=\" font-size:60px;\"><div class=\"icon_list_icon\" data-animation=\"bounceIn\" data-animation-delay=\"03\" style=\"font-size:20px;border-width:1px;border-style:none;background:#1e73be;color:#ffffff;border-color:#333333;\"><i class=\"Defaults-angle-right\" ><\/i><\/div><div class=\"icon_description\" id=\"Info-list-wrap-7044\" style=\"font-size:20px;\"><div class=\"icon_description_text ult-responsive\"  data-ultimate-target='#Info-list-wrap-7044 .icon_description_text'  data-responsive-json-new='{\"font-size\":\"desktop:13px;\",\"line-height\":\"desktop:18px;\"}'  style=\"\"><h3 style=\"text-align: left; color: #454545;\">\u00c9liminez les sauvegardes sur bande et les co\u00fbts r\u00e9currents associ\u00e9s au mat\u00e9riel, aux logiciels et aux supports.<\/h3>\n<\/div><\/div><div class=\"icon_list_connector\"  style=\"border: none !important;\"><\/div><\/li><\/ul><\/div><\/div><\/div><\/div><div class=\"wpb_column vc_column_container vc_col-sm-6\"><div class=\"vc_column-inner\"><div class=\"wpb_wrapper\"><div class=\"smile_icon_list_wrap ult_info_list_container ult-adjust-bottom-margin\"><ul class=\"smile_icon_list left circle with_bg\"><li class=\"icon_list_item\" style=\" font-size:60px;\"><div class=\"icon_list_icon\" data-animation=\"bounceIn\" data-animation-delay=\"03\" style=\"font-size:20px;border-width:1px;border-style:none;background:#1e73be;color:#ffffff;border-color:#333333;\"><i class=\"Defaults-angle-right\" ><\/i><\/div><div class=\"icon_description\" id=\"Info-list-wrap-6480\" style=\"font-size:20px;\"><div class=\"icon_description_text ult-responsive\"  data-ultimate-target='#Info-list-wrap-6480 .icon_description_text'  data-responsive-json-new='{\"font-size\":\"desktop:13px;\",\"line-height\":\"desktop:18px;\"}'  style=\"\"><h3 style=\"text-align: left; color: #454545;\">Assistance technique bilingue (fran\u00e7ais-anglais) offerte 24 heures sur 24 et 7 jours sur 7 par courriel, par t\u00e9l\u00e9phone, \u00e0 distance ou sur place.<\/h3>\n<\/div><\/div><div class=\"icon_list_connector\"  style=\"border: none !important;\"><\/div><\/li><\/ul><\/div><\/div><\/div><\/div><\/div><div class=\"vc_row wpb_row vc_inner vc_row-fluid vc_row-o-equal-height vc_row-flex\"><div class=\"wpb_column vc_column_container vc_col-sm-6\"><div class=\"vc_column-inner\"><div class=\"wpb_wrapper\"><div class=\"smile_icon_list_wrap ult_info_list_container ult-adjust-bottom-margin\"><ul class=\"smile_icon_list left circle with_bg\"><li class=\"icon_list_item\" style=\" font-size:60px;\"><div class=\"icon_list_icon\" data-animation=\"bounceIn\" data-animation-delay=\"03\" style=\"font-size:20px;border-width:1px;border-style:none;background:#1e73be;color:#ffffff;border-color:#333333;\"><i class=\"Defaults-angle-right\" ><\/i><\/div><div class=\"icon_description\" id=\"Info-list-wrap-8157\" style=\"font-size:20px;\"><div class=\"icon_description_text ult-responsive\"  data-ultimate-target='#Info-list-wrap-8157 .icon_description_text'  data-responsive-json-new='{\"font-size\":\"desktop:13px;\",\"line-height\":\"desktop:18px;\"}'  style=\"\"><h3 style=\"text-align: left; color: #454545;\">Une solution hybride qui stocke vos donn\u00e9es localement et \u00e0 distance dans un lieu s\u00e9curis\u00e9.<\/h3>\n<\/div><\/div><div class=\"icon_list_connector\"  style=\"border: none !important;\"><\/div><\/li><\/ul><\/div><\/div><\/div><\/div><div class=\"wpb_column vc_column_container vc_col-sm-6\"><div class=\"vc_column-inner\"><div class=\"wpb_wrapper\"><div class=\"smile_icon_list_wrap ult_info_list_container ult-adjust-bottom-margin\"><ul class=\"smile_icon_list left circle with_bg\"><li class=\"icon_list_item\" style=\" font-size:60px;\"><div class=\"icon_list_icon\" data-animation=\"bounceIn\" data-animation-delay=\"03\" style=\"font-size:20px;border-width:1px;border-style:none;background:#1e73be;color:#ffffff;border-color:#333333;\"><i class=\"Defaults-angle-right\" ><\/i><\/div><div class=\"icon_description\" id=\"Info-list-wrap-4914\" style=\"font-size:20px;\"><div class=\"icon_description_text ult-responsive\"  data-ultimate-target='#Info-list-wrap-4914 .icon_description_text'  data-responsive-json-new='{\"font-size\":\"desktop:13px;\",\"line-height\":\"desktop:18px;\"}'  style=\"\"><h3 style=\"text-align: left; color: #454545;\">Nous sommes conformes \u00e0 la loi HIPAA (Health Insurance Portability and Accountability Act of 1996).<\/h3>\n<\/div><\/div><div class=\"icon_list_connector\"  style=\"border: none !important;\"><\/div><\/li><\/ul><\/div><\/div><\/div><\/div><\/div><div class=\"vc_row wpb_row vc_inner vc_row-fluid vc_row-o-equal-height vc_row-flex\"><div class=\"wpb_column vc_column_container vc_col-sm-6\"><div class=\"vc_column-inner\"><div class=\"wpb_wrapper\"><div class=\"smile_icon_list_wrap ult_info_list_container ult-adjust-bottom-margin\"><ul class=\"smile_icon_list left circle with_bg\"><li class=\"icon_list_item\" style=\" font-size:60px;\"><div class=\"icon_list_icon\" data-animation=\"bounceIn\" data-animation-delay=\"03\" style=\"font-size:20px;border-width:1px;border-style:none;background:#1e73be;color:#ffffff;border-color:#333333;\"><i class=\"Defaults-angle-right\" ><\/i><\/div><div class=\"icon_description\" id=\"Info-list-wrap-2525\" style=\"font-size:20px;\"><div class=\"icon_description_text ult-responsive\"  data-ultimate-target='#Info-list-wrap-2525 .icon_description_text'  data-responsive-json-new='{\"font-size\":\"desktop:13px;\",\"line-height\":\"desktop:18px;\"}'  style=\"\"><h3 style=\"text-align: left; color: #454545;\">Vos donn\u00e9es sont toujours s\u00e9curis\u00e9es gr\u00e2ce \u00e0 un cryptage de qualit\u00e9 militaire.<\/h3>\n<\/div><\/div><div class=\"icon_list_connector\"  style=\"border: none !important;\"><\/div><\/li><\/ul><\/div><\/div><\/div><\/div><div class=\"wpb_column vc_column_container vc_col-sm-6\"><div class=\"vc_column-inner\"><div class=\"wpb_wrapper\"><div class=\"smile_icon_list_wrap ult_info_list_container ult-adjust-bottom-margin\"><ul class=\"smile_icon_list left circle with_bg\"><li class=\"icon_list_item\" style=\" font-size:60px;\"><div class=\"icon_list_icon\" data-animation=\"bounceIn\" data-animation-delay=\"03\" style=\"font-size:20px;border-width:1px;border-style:none;background:#1e73be;color:#ffffff;border-color:#333333;\"><i class=\"Defaults-angle-right\" ><\/i><\/div><div class=\"icon_description\" id=\"Info-list-wrap-6351\" style=\"font-size:20px;\"><div class=\"icon_description_text ult-responsive\"  data-ultimate-target='#Info-list-wrap-6351 .icon_description_text'  data-responsive-json-new='{\"font-size\":\"desktop:13px;\",\"line-height\":\"desktop:18px;\"}'  style=\"\"><h3 style=\"text-align: left; color: #454545;\">Les options de sauvegarde comprennent des centres de donn\u00e9es Tier2 ou Tier3 pour une haute disponibilit\u00e9 de vos donn\u00e9es.<\/h3>\n<\/div><\/div><div class=\"icon_list_connector\"  style=\"border: none !important;\"><\/div><\/li><\/ul><\/div><\/div><\/div><\/div><\/div><div class=\"vc_row wpb_row vc_inner vc_row-fluid vc_row-o-equal-height vc_row-flex\"><div class=\"wpb_column vc_column_container vc_col-sm-6\"><div class=\"vc_column-inner\"><div class=\"wpb_wrapper\"><div class=\"smile_icon_list_wrap ult_info_list_container ult-adjust-bottom-margin\"><ul class=\"smile_icon_list left circle with_bg\"><li class=\"icon_list_item\" style=\" font-size:60px;\"><div class=\"icon_list_icon\" data-animation=\"bounceIn\" data-animation-delay=\"03\" style=\"font-size:20px;border-width:1px;border-style:none;background:#1e73be;color:#ffffff;border-color:#333333;\"><i class=\"Defaults-angle-right\" ><\/i><\/div><div class=\"icon_description\" id=\"Info-list-wrap-8457\" style=\"font-size:20px;\"><div class=\"icon_description_text ult-responsive\"  data-ultimate-target='#Info-list-wrap-8457 .icon_description_text'  data-responsive-json-new='{\"font-size\":\"desktop:13px;\",\"line-height\":\"desktop:18px;\"}'  style=\"\"><h3 style=\"text-align: left; color: #454545;\">Sauvegardes compl\u00e8tes de serveurs (Microsoft Server, Exchange, SQL, Server, SharPoint)<\/h3>\n<\/div><\/div><div class=\"icon_list_connector\"  style=\"border: none !important;\"><\/div><\/li><\/ul><\/div><\/div><\/div><\/div><div class=\"wpb_column vc_column_container vc_col-sm-6\"><div class=\"vc_column-inner\"><div class=\"wpb_wrapper\"><div class=\"smile_icon_list_wrap ult_info_list_container ult-adjust-bottom-margin\"><ul class=\"smile_icon_list left circle with_bg\"><li class=\"icon_list_item\" style=\" font-size:60px;\"><div class=\"icon_list_icon\" data-animation=\"bounceIn\" data-animation-delay=\"03\" style=\"font-size:20px;border-width:1px;border-style:none;background:#1e73be;color:#ffffff;border-color:#333333;\"><i class=\"Defaults-angle-right\" ><\/i><\/div><div class=\"icon_description\" id=\"Info-list-wrap-2690\" style=\"font-size:20px;\"><div class=\"icon_description_text ult-responsive\"  data-ultimate-target='#Info-list-wrap-2690 .icon_description_text'  data-responsive-json-new='{\"font-size\":\"desktop:13px;\",\"line-height\":\"desktop:18px;\"}'  style=\"\"><h3 style=\"text-align: left; color: #454545;\">Gardez le contr\u00f4le de n'importe o\u00f9 gr\u00e2ce \u00e0 la gestion centralis\u00e9e bas\u00e9e sur le Web.<\/h3>\n<\/div><\/div><div class=\"icon_list_connector\"  style=\"border: none !important;\"><\/div><\/li><\/ul><\/div><\/div><\/div><\/div><\/div><div class=\"vc_row wpb_row vc_inner vc_row-fluid vc_row-o-equal-height vc_row-flex\"><div class=\"wpb_column vc_column_container vc_col-sm-6\"><div class=\"vc_column-inner\"><div class=\"wpb_wrapper\"><div class=\"smile_icon_list_wrap ult_info_list_container ult-adjust-bottom-margin\"><ul class=\"smile_icon_list left circle with_bg\"><li class=\"icon_list_item\" style=\" font-size:60px;\"><div class=\"icon_list_icon\" data-animation=\"bounceIn\" data-animation-delay=\"03\" style=\"font-size:20px;border-width:1px;border-style:none;background:#1e73be;color:#ffffff;border-color:#333333;\"><i class=\"Defaults-angle-right\" ><\/i><\/div><div class=\"icon_description\" id=\"Info-list-wrap-8481\" style=\"font-size:20px;\"><div class=\"icon_description_text ult-responsive\"  data-ultimate-target='#Info-list-wrap-8481 .icon_description_text'  data-responsive-json-new='{\"font-size\":\"desktop:13px;\",\"line-height\":\"desktop:18px;\"}'  style=\"\"><h3 style=\"text-align: left; color: #454545;\">Solution de sauvegarde \u00e0 distance de classe professionnelle avec r\u00e9cup\u00e9ration sur site<\/h3>\n<\/div><\/div><div class=\"icon_list_connector\"  style=\"border: none !important;\"><\/div><\/li><\/ul><\/div><\/div><\/div><\/div><div class=\"wpb_column vc_column_container vc_col-sm-6\"><div class=\"vc_column-inner\"><div class=\"wpb_wrapper\"><div class=\"smile_icon_list_wrap ult_info_list_container ult-adjust-bottom-margin\"><ul class=\"smile_icon_list left circle with_bg\"><li class=\"icon_list_item\" style=\" font-size:60px;\"><div class=\"icon_list_icon\" data-animation=\"bounceIn\" data-animation-delay=\"03\" style=\"font-size:20px;border-width:1px;border-style:none;background:#1e73be;color:#ffffff;border-color:#333333;\"><i class=\"Defaults-angle-right\" ><\/i><\/div><div class=\"icon_description\" id=\"Info-list-wrap-2191\" style=\"font-size:20px;\"><div class=\"icon_description_text ult-responsive\"  data-ultimate-target='#Info-list-wrap-2191 .icon_description_text'  data-responsive-json-new='{\"font-size\":\"desktop:13px;\",\"line-height\":\"desktop:18px;\"}'  style=\"\"><h3 style=\"text-align: left; color: #454545;\">Interface utilisateur bilingue intuitive et facile \u00e0 utiliser<\/h3>\n<\/div><\/div><div class=\"icon_list_connector\"  style=\"border: none !important;\"><\/div><\/li><\/ul><\/div><\/div><\/div><\/div><\/div><\/div><\/div><\/div><\/div><div class=\"vc_row wpb_row vc_row-fluid\"><div class=\"wpb_column vc_column_container vc_col-sm-6\"><div class=\"vc_column-inner\"><div class=\"wpb_wrapper\"><div class=\"smile_icon_list_wrap ult_info_list_container ult-adjust-bottom-margin\"><ul class=\"smile_icon_list left circle with_bg\"><li class=\"icon_list_item\" style=\" font-size:60px;\"><div class=\"icon_list_icon\" data-animation=\"bounceIn\" data-animation-delay=\"03\" style=\"font-size:20px;border-width:1px;border-style:none;background:#1e73be;color:#ffffff;border-color:#333333;\"><i class=\"Defaults-angle-right\" ><\/i><\/div><div class=\"icon_description\" id=\"Info-list-wrap-7834\" style=\"font-size:20px;\"><div class=\"icon_description_text ult-responsive\"  data-ultimate-target='#Info-list-wrap-7834 .icon_description_text'  data-responsive-json-new='{\"font-size\":\"desktop:13px;\",\"line-height\":\"desktop:18px;\"}'  style=\"\"><h3 style=\"text-align: left; color: #454545;\">L'option de r\u00e9cup\u00e9ration \"Bare-Metal\" assure la restauration compl\u00e8te du serveur pour une continuit\u00e9 rapide des activit\u00e9s.<\/h3>\n<\/div><\/div><div class=\"icon_list_connector\"  style=\"border: none !important;\"><\/div><\/li><\/ul><\/div><\/div><\/div><\/div><div class=\"wpb_column vc_column_container vc_col-sm-6\"><div class=\"vc_column-inner\"><div class=\"wpb_wrapper\"><\/div><\/div><\/div><\/div>\n<\/div>","protected":false},"excerpt":{"rendered":"<p class=\"card-text\"> [&#8230;]<\/p>\n<p class=\"m-0\"><a class=\"btn btn-outline-secondary btn-read-more\" href=\"https:\/\/acetechnology.com\/fr\/acevault\/\">Read More<\/a><\/p>","protected":false},"author":1,"featured_media":0,"parent":0,"menu_order":0,"comment_status":"closed","ping_status":"closed","template":"","meta":{"footnotes":""},"class_list":["post-2739","page","type-page","status-publish","hentry"],"yoast_head":"<!-- This site is optimized with the Yoast SEO plugin v26.9 - https:\/\/yoast.com\/product\/yoast-seo-wordpress\/ -->\n<title>AceVault Backup &amp; Recovery Solutions | Ace Technology Inc.<\/title>\n<meta name=\"description\" content=\"AceVault Backup &amp; Recovery Solutions help meet your stringent Business Continuity Objectives by offering same business day onsite data recovery services.\" \/>\n<meta name=\"robots\" content=\"index, follow, max-snippet:-1, max-image-preview:large, max-video-preview:-1\" \/>\n<link rel=\"canonical\" href=\"https:\/\/acetechnology.com\/fr\/acevault\/\" \/>\n<meta property=\"og:locale\" content=\"fr_CA\" \/>\n<meta property=\"og:type\" content=\"article\" \/>\n<meta property=\"og:title\" content=\"AceVault Backup &amp; Recovery Solutions | Ace Technology Inc.\" \/>\n<meta property=\"og:description\" content=\"AceVault Backup &amp; Recovery Solutions help meet your stringent Business Continuity Objectives by offering same business day onsite data recovery services.\" \/>\n<meta property=\"og:url\" content=\"https:\/\/acetechnology.com\/fr\/acevault\/\" \/>\n<meta property=\"og:site_name\" content=\"Ace Technology Inc.\" \/>\n<meta property=\"article:modified_time\" content=\"2021-05-21T16:40:11+00:00\" \/>\n<meta name=\"twitter:card\" content=\"summary_large_image\" \/>\n<script type=\"application\/ld+json\" class=\"yoast-schema-graph\">{\"@context\":\"https:\/\/schema.org\",\"@graph\":[{\"@type\":\"WebPage\",\"@id\":\"https:\/\/acetechnology.com\/acevault\/\",\"url\":\"https:\/\/acetechnology.com\/acevault\/\",\"name\":\"AceVault Backup & Recovery Solutions | Ace Technology Inc.\",\"isPartOf\":{\"@id\":\"https:\/\/acetechnology.com\/fr\/#website\"},\"datePublished\":\"2021-04-29T03:10:41+00:00\",\"dateModified\":\"2021-05-21T16:40:11+00:00\",\"description\":\"AceVault Backup & Recovery Solutions help meet your stringent Business Continuity Objectives by offering same business day onsite data recovery services.\",\"breadcrumb\":{\"@id\":\"https:\/\/acetechnology.com\/acevault\/#breadcrumb\"},\"inLanguage\":\"fr-CA\",\"potentialAction\":[{\"@type\":\"ReadAction\",\"target\":[\"https:\/\/acetechnology.com\/acevault\/\"]}]},{\"@type\":\"BreadcrumbList\",\"@id\":\"https:\/\/acetechnology.com\/acevault\/#breadcrumb\",\"itemListElement\":[{\"@type\":\"ListItem\",\"position\":1,\"name\":\"Home\",\"item\":\"https:\/\/acetechnology.com\/en\/\"},{\"@type\":\"ListItem\",\"position\":2,\"name\":\"AceVault\"}]},{\"@type\":\"WebSite\",\"@id\":\"https:\/\/acetechnology.com\/fr\/#website\",\"url\":\"https:\/\/acetechnology.com\/fr\/\",\"name\":\"Ace Technology Inc.\",\"description\":\"Enterprise Network Solutions, Services and Telecommunications\",\"publisher\":{\"@id\":\"https:\/\/acetechnology.com\/fr\/#organization\"},\"potentialAction\":[{\"@type\":\"SearchAction\",\"target\":{\"@type\":\"EntryPoint\",\"urlTemplate\":\"https:\/\/acetechnology.com\/fr\/?s={search_term_string}\"},\"query-input\":{\"@type\":\"PropertyValueSpecification\",\"valueRequired\":true,\"valueName\":\"search_term_string\"}}],\"inLanguage\":\"fr-CA\"},{\"@type\":\"Organization\",\"@id\":\"https:\/\/acetechnology.com\/fr\/#organization\",\"name\":\"Ace Technology Inc.\",\"url\":\"https:\/\/acetechnology.com\/fr\/\",\"logo\":{\"@type\":\"ImageObject\",\"inLanguage\":\"fr-CA\",\"@id\":\"https:\/\/acetechnology.com\/fr\/#\/schema\/logo\/image\/\",\"url\":\"https:\/\/acetechnology.com\/wp-content\/uploads\/2021\/03\/AceTechnology_Logo2_80px.png\",\"contentUrl\":\"https:\/\/acetechnology.com\/wp-content\/uploads\/2021\/03\/AceTechnology_Logo2_80px.png\",\"width\":218,\"height\":80,\"caption\":\"Ace Technology Inc.\"},\"image\":{\"@id\":\"https:\/\/acetechnology.com\/fr\/#\/schema\/logo\/image\/\"},\"sameAs\":[\"https:\/\/ca.linkedin.com\/company\/ace-technology-inc-\"]}]}<\/script>\n<!-- \/ Yoast SEO plugin. -->","yoast_head_json":{"title":"AceVault Backup & Recovery Solutions | Ace Technology Inc.","description":"AceVault Backup & Recovery Solutions help meet your stringent Business Continuity Objectives by offering same business day onsite data recovery services.","robots":{"index":"index","follow":"follow","max-snippet":"max-snippet:-1","max-image-preview":"max-image-preview:large","max-video-preview":"max-video-preview:-1"},"canonical":"https:\/\/acetechnology.com\/fr\/acevault\/","og_locale":"fr_CA","og_type":"article","og_title":"AceVault Backup & Recovery Solutions | Ace Technology Inc.","og_description":"AceVault Backup & Recovery Solutions help meet your stringent Business Continuity Objectives by offering same business day onsite data recovery services.","og_url":"https:\/\/acetechnology.com\/fr\/acevault\/","og_site_name":"Ace Technology Inc.","article_modified_time":"2021-05-21T16:40:11+00:00","twitter_card":"summary_large_image","schema":{"@context":"https:\/\/schema.org","@graph":[{"@type":"WebPage","@id":"https:\/\/acetechnology.com\/acevault\/","url":"https:\/\/acetechnology.com\/acevault\/","name":"AceVault Backup & Recovery Solutions | Ace Technology Inc.","isPartOf":{"@id":"https:\/\/acetechnology.com\/fr\/#website"},"datePublished":"2021-04-29T03:10:41+00:00","dateModified":"2021-05-21T16:40:11+00:00","description":"AceVault Backup & Recovery Solutions help meet your stringent Business Continuity Objectives by offering same business day onsite data recovery services.","breadcrumb":{"@id":"https:\/\/acetechnology.com\/acevault\/#breadcrumb"},"inLanguage":"fr-CA","potentialAction":[{"@type":"ReadAction","target":["https:\/\/acetechnology.com\/acevault\/"]}]},{"@type":"BreadcrumbList","@id":"https:\/\/acetechnology.com\/acevault\/#breadcrumb","itemListElement":[{"@type":"ListItem","position":1,"name":"Home","item":"https:\/\/acetechnology.com\/en\/"},{"@type":"ListItem","position":2,"name":"AceVault"}]},{"@type":"WebSite","@id":"https:\/\/acetechnology.com\/fr\/#website","url":"https:\/\/acetechnology.com\/fr\/","name":"Ace Technology Inc.","description":"Enterprise Network Solutions, Services and Telecommunications","publisher":{"@id":"https:\/\/acetechnology.com\/fr\/#organization"},"potentialAction":[{"@type":"SearchAction","target":{"@type":"EntryPoint","urlTemplate":"https:\/\/acetechnology.com\/fr\/?s={search_term_string}"},"query-input":{"@type":"PropertyValueSpecification","valueRequired":true,"valueName":"search_term_string"}}],"inLanguage":"fr-CA"},{"@type":"Organization","@id":"https:\/\/acetechnology.com\/fr\/#organization","name":"Ace Technology Inc.","url":"https:\/\/acetechnology.com\/fr\/","logo":{"@type":"ImageObject","inLanguage":"fr-CA","@id":"https:\/\/acetechnology.com\/fr\/#\/schema\/logo\/image\/","url":"https:\/\/acetechnology.com\/wp-content\/uploads\/2021\/03\/AceTechnology_Logo2_80px.png","contentUrl":"https:\/\/acetechnology.com\/wp-content\/uploads\/2021\/03\/AceTechnology_Logo2_80px.png","width":218,"height":80,"caption":"Ace Technology Inc."},"image":{"@id":"https:\/\/acetechnology.com\/fr\/#\/schema\/logo\/image\/"},"sameAs":["https:\/\/ca.linkedin.com\/company\/ace-technology-inc-"]}]}},"_links":{"self":[{"href":"https:\/\/acetechnology.com\/fr\/wp-json\/wp\/v2\/pages\/2739","targetHints":{"allow":["GET"]}}],"collection":[{"href":"https:\/\/acetechnology.com\/fr\/wp-json\/wp\/v2\/pages"}],"about":[{"href":"https:\/\/acetechnology.com\/fr\/wp-json\/wp\/v2\/types\/page"}],"author":[{"embeddable":true,"href":"https:\/\/acetechnology.com\/fr\/wp-json\/wp\/v2\/users\/1"}],"replies":[{"embeddable":true,"href":"https:\/\/acetechnology.com\/fr\/wp-json\/wp\/v2\/comments?post=2739"}],"version-history":[{"count":18,"href":"https:\/\/acetechnology.com\/fr\/wp-json\/wp\/v2\/pages\/2739\/revisions"}],"predecessor-version":[{"id":3391,"href":"https:\/\/acetechnology.com\/fr\/wp-json\/wp\/v2\/pages\/2739\/revisions\/3391"}],"wp:attachment":[{"href":"https:\/\/acetechnology.com\/fr\/wp-json\/wp\/v2\/media?parent=2739"}],"curies":[{"name":"wp","href":"https:\/\/api.w.org\/{rel}","templated":true}]}}