{"id":1808,"date":"2021-04-07T19:45:56","date_gmt":"2021-04-07T19:45:56","guid":{"rendered":"https:\/\/acetechnology.com\/?page_id=1808"},"modified":"2021-05-21T21:03:17","modified_gmt":"2021-05-21T21:03:17","slug":"network-analysis-and-optimization","status":"publish","type":"page","link":"https:\/\/acetechnology.com\/fr\/network-analysis-and-optimization\/","title":{"rendered":"Analyse et optimisation des r\u00e9seaux"},"content":{"rendered":"<div class=\"wpb-content-wrapper\"><div data-vc-full-width=\"true\" data-vc-full-width-init=\"false\" class=\"vc_row wpb_row vc_row-fluid wpb_animate_when_almost_visible wpb_fadeInDown fadeInDown vc_row-o-content-middle vc_row-flex\"><div class=\"wpb_column vc_column_container vc_col-sm-12\"><div class=\"vc_column-inner\"><div class=\"wpb_wrapper\">\n\t<div class=\"wpb_text_column wpb_content_element\" >\n\t\t<div class=\"wpb_wrapper\">\n\t\t\t<p style=\"text-align: center; color: white; font-size: 18px; line-height: 2;\">La performance du r\u00e9seau est d\u00e9finie comme une mesure du d\u00e9bit d'un r\u00e9seau. L'analyse permet de d\u00e9terminer l'\u00e9tat actuel du r\u00e9seau et, par cons\u00e9quent, de l'optimiser pour obtenir des performances maximales. Connaissez-vous l'\u00e9tat actuel de votre r\u00e9seau et sa capacit\u00e9 \u00e0 supporter des extensions ou des changements futurs ?<\/p>\n\n\t\t<\/div>\n\t<\/div>\n<\/div><\/div><\/div><\/div><div class=\"vc_row-full-width vc_clearfix\"><\/div><!-- Row Backgrounds --><div class=\"upb_color\" data-bg-override=\"0\" data-bg-color=\"#1e73be\" data-fadeout=\"\" data-fadeout-percentage=\"30\" data-parallax-content=\"\" data-parallax-content-sense=\"30\" data-row-effect-mobile-disable=\"true\" data-img-parallax-mobile-disable=\"true\" data-rtl=\"false\"  data-custom-vc-row=\"\"  data-vc=\"7.9\"  data-is_old_vc=\"\"  data-theme-support=\"\"   data-overlay=\"false\" data-overlay-color=\"\" data-overlay-pattern=\"\" data-overlay-pattern-opacity=\"\" data-overlay-pattern-size=\"\"    ><\/div><div data-vc-full-width=\"true\" data-vc-full-width-init=\"false\" class=\"vc_row wpb_row vc_row-fluid wpb_animate_when_almost_visible wpb_fadeInUp fadeInUp vc_row-o-equal-height vc_row-o-content-top vc_row-flex\"><div class=\"wpb_column vc_column_container vc_col-sm-4\"><div class=\"vc_column-inner\"><div class=\"wpb_wrapper\"><div class=\"smile_icon_list_wrap ult_info_list_container ult-adjust-bottom-margin\"><ul class=\"smile_icon_list left circle with_bg\"><li class=\"icon_list_item\" style=\" font-size:48px;\"><div class=\"icon_list_icon\" data-animation=\"\" data-animation-delay=\"03\" style=\"font-size:16px;border-width:1px;border-style:none;background:#1e73be;color:#ffffff;border-color:#333333;\"><i class=\"Defaults-angle-right\" ><\/i><\/div><div class=\"icon_description\" id=\"Info-list-wrap-5186\" style=\"font-size:16px;\"><div class=\"icon_description_text ult-responsive\"  data-ultimate-target='#Info-list-wrap-5186 .icon_description_text'  data-responsive-json-new='{\"font-size\":\"desktop:14px;\",\"line-height\":\"desktop:18px;\"}'  style=\"\"><h3 class=\"custom-bullet-title\" style=\"color: #454545; text-align: left;\">Outils d'analyse avanc\u00e9e<\/h3>\n<p style=\"margin-top: 15px; text-align: left;\">L'audit de r\u00e9seau d'Ace Technology fournit une analyse experte et des solutions pour s\u00e9curiser votre r\u00e9seau. En utilisant des outils d'analyse avanc\u00e9s, nous pouvons r\u00e9soudre vos probl\u00e8mes les plus critiques, tels que la s\u00e9curit\u00e9, la bande passante et l'int\u00e9grit\u00e9 du r\u00e9seau.<\/p>\n<\/div><\/div><div class=\"icon_list_connector\"  style=\"border: none !important;\"><\/div><\/li><\/ul><\/div><\/div><\/div><\/div><div class=\"wpb_column vc_column_container vc_col-sm-4\"><div class=\"vc_column-inner\"><div class=\"wpb_wrapper\"><div class=\"smile_icon_list_wrap ult_info_list_container ult-adjust-bottom-margin\"><ul class=\"smile_icon_list left circle with_bg\"><li class=\"icon_list_item\" style=\" font-size:48px;\"><div class=\"icon_list_icon\" data-animation=\"\" data-animation-delay=\"03\" style=\"font-size:16px;border-width:1px;border-style:none;background:#1e73be;color:#ffffff;border-color:#333333;\"><i class=\"Defaults-angle-right\" ><\/i><\/div><div class=\"icon_description\" id=\"Info-list-wrap-1652\" style=\"font-size:16px;\"><div class=\"icon_description_text ult-responsive\"  data-ultimate-target='#Info-list-wrap-1652 .icon_description_text'  data-responsive-json-new='{\"font-size\":\"desktop:14px;\",\"line-height\":\"desktop:18px;\"}'  style=\"\"><h3 class=\"custom-bullet-title\" style=\"color: #454545; text-align: left;\">Examen des donn\u00e9es du r\u00e9seau<\/h3>\n<p style=\"margin-top: 15px; text-align: left;\">Les donn\u00e9es recueillies sont examin\u00e9es en d\u00e9tail, puis r\u00e9sum\u00e9es dans un rapport personnalis\u00e9 contenant nos recommandations pour optimiser les capacit\u00e9s de vos r\u00e9seaux.<\/p>\n<\/div><\/div><div class=\"icon_list_connector\"  style=\"border: none !important;\"><\/div><\/li><\/ul><\/div><\/div><\/div><\/div><div class=\"wpb_column vc_column_container vc_col-sm-4\"><div class=\"vc_column-inner\"><div class=\"wpb_wrapper\"><div class=\"smile_icon_list_wrap ult_info_list_container ult-adjust-bottom-margin\"><ul class=\"smile_icon_list left circle with_bg\"><li class=\"icon_list_item\" style=\" font-size:48px;\"><div class=\"icon_list_icon\" data-animation=\"\" data-animation-delay=\"03\" style=\"font-size:16px;border-width:1px;border-style:none;background:#1e73be;color:#ffffff;border-color:#333333;\"><i class=\"Defaults-angle-right\" ><\/i><\/div><div class=\"icon_description\" id=\"Info-list-wrap-1419\" style=\"font-size:16px;\"><div class=\"icon_description_text ult-responsive\"  data-ultimate-target='#Info-list-wrap-1419 .icon_description_text'  data-responsive-json-new='{\"font-size\":\"desktop:14px;\",\"line-height\":\"desktop:18px;\"}'  style=\"\"><h3 class=\"custom-bullet-title\" style=\"color: #454545; text-align: left;\">Rapport d'analyse de r\u00e9seau<\/h3>\n<p style=\"margin-top: 15px; text-align: left;\">Le rapport complet d'analyse du r\u00e9seau contient l'information pertinente permettant de r\u00e9soudre les probl\u00e8mes existants, de pr\u00e9venir les probl\u00e8mes, de planifier des projets et d'\u00e9tendre le r\u00e9seau, tout en prenant compte des possibilit\u00e9s de mise \u00e0 niveau future.<\/p>\n<\/div><\/div><div class=\"icon_list_connector\"  style=\"border: none !important;\"><\/div><\/li><\/ul><\/div><\/div><\/div><\/div><\/div><div class=\"vc_row-full-width vc_clearfix\"><\/div>\n<\/div>","protected":false},"excerpt":{"rendered":"<p class=\"card-text\"> [&#8230;]<\/p>\n<p class=\"m-0\"><a class=\"btn btn-outline-secondary btn-read-more\" href=\"https:\/\/acetechnology.com\/fr\/network-analysis-and-optimization\/\">Read More<\/a><\/p>","protected":false},"author":1,"featured_media":0,"parent":0,"menu_order":0,"comment_status":"closed","ping_status":"closed","template":"","meta":{"footnotes":""},"class_list":["post-1808","page","type-page","status-publish","hentry"],"yoast_head":"<!-- This site is optimized with the Yoast SEO plugin v26.9 - https:\/\/yoast.com\/product\/yoast-seo-wordpress\/ -->\n<title>Network Analysis and Optimization | Ace Technology Inc.<\/title>\n<meta name=\"description\" content=\"Network performance is defined as a measure of a network\u2019s throughput. Via analysis, one can determine the current state of thier network, and can, therefore, optimize it for maximum performance.\" \/>\n<meta name=\"robots\" content=\"index, follow, max-snippet:-1, max-image-preview:large, max-video-preview:-1\" \/>\n<link rel=\"canonical\" href=\"https:\/\/acetechnology.com\/fr\/network-analysis-and-optimization\/\" \/>\n<meta property=\"og:locale\" content=\"fr_CA\" \/>\n<meta property=\"og:type\" content=\"article\" \/>\n<meta property=\"og:title\" content=\"Network Analysis and Optimization | Ace Technology Inc.\" \/>\n<meta property=\"og:description\" content=\"Network performance is defined as a measure of a network\u2019s throughput. Via analysis, one can determine the current state of thier network, and can, therefore, optimize it for maximum performance.\" \/>\n<meta property=\"og:url\" content=\"https:\/\/acetechnology.com\/fr\/network-analysis-and-optimization\/\" \/>\n<meta property=\"og:site_name\" content=\"Ace Technology Inc.\" \/>\n<meta property=\"article:modified_time\" content=\"2021-05-21T21:03:17+00:00\" \/>\n<meta name=\"twitter:card\" content=\"summary_large_image\" \/>\n<script type=\"application\/ld+json\" class=\"yoast-schema-graph\">{\"@context\":\"https:\/\/schema.org\",\"@graph\":[{\"@type\":\"WebPage\",\"@id\":\"https:\/\/acetechnology.com\/network-analysis-and-optimization\/\",\"url\":\"https:\/\/acetechnology.com\/network-analysis-and-optimization\/\",\"name\":\"Network Analysis and Optimization | Ace Technology Inc.\",\"isPartOf\":{\"@id\":\"https:\/\/acetechnology.com\/fr\/#website\"},\"datePublished\":\"2021-04-07T19:45:56+00:00\",\"dateModified\":\"2021-05-21T21:03:17+00:00\",\"description\":\"Network performance is defined as a measure of a network\u2019s throughput. Via analysis, one can determine the current state of thier network, and can, therefore, optimize it for maximum performance.\",\"breadcrumb\":{\"@id\":\"https:\/\/acetechnology.com\/network-analysis-and-optimization\/#breadcrumb\"},\"inLanguage\":\"fr-CA\",\"potentialAction\":[{\"@type\":\"ReadAction\",\"target\":[\"https:\/\/acetechnology.com\/network-analysis-and-optimization\/\"]}]},{\"@type\":\"BreadcrumbList\",\"@id\":\"https:\/\/acetechnology.com\/network-analysis-and-optimization\/#breadcrumb\",\"itemListElement\":[{\"@type\":\"ListItem\",\"position\":1,\"name\":\"Home\",\"item\":\"https:\/\/acetechnology.com\/en\/\"},{\"@type\":\"ListItem\",\"position\":2,\"name\":\"Network Analysis and Optimization\"}]},{\"@type\":\"WebSite\",\"@id\":\"https:\/\/acetechnology.com\/fr\/#website\",\"url\":\"https:\/\/acetechnology.com\/fr\/\",\"name\":\"Ace Technology Inc.\",\"description\":\"Enterprise Network Solutions, Services and Telecommunications\",\"publisher\":{\"@id\":\"https:\/\/acetechnology.com\/fr\/#organization\"},\"potentialAction\":[{\"@type\":\"SearchAction\",\"target\":{\"@type\":\"EntryPoint\",\"urlTemplate\":\"https:\/\/acetechnology.com\/fr\/?s={search_term_string}\"},\"query-input\":{\"@type\":\"PropertyValueSpecification\",\"valueRequired\":true,\"valueName\":\"search_term_string\"}}],\"inLanguage\":\"fr-CA\"},{\"@type\":\"Organization\",\"@id\":\"https:\/\/acetechnology.com\/fr\/#organization\",\"name\":\"Ace Technology Inc.\",\"url\":\"https:\/\/acetechnology.com\/fr\/\",\"logo\":{\"@type\":\"ImageObject\",\"inLanguage\":\"fr-CA\",\"@id\":\"https:\/\/acetechnology.com\/fr\/#\/schema\/logo\/image\/\",\"url\":\"https:\/\/acetechnology.com\/wp-content\/uploads\/2021\/03\/AceTechnology_Logo2_80px.png\",\"contentUrl\":\"https:\/\/acetechnology.com\/wp-content\/uploads\/2021\/03\/AceTechnology_Logo2_80px.png\",\"width\":218,\"height\":80,\"caption\":\"Ace Technology Inc.\"},\"image\":{\"@id\":\"https:\/\/acetechnology.com\/fr\/#\/schema\/logo\/image\/\"},\"sameAs\":[\"https:\/\/ca.linkedin.com\/company\/ace-technology-inc-\"]}]}<\/script>\n<!-- \/ Yoast SEO plugin. -->","yoast_head_json":{"title":"Network Analysis and Optimization | Ace Technology Inc.","description":"Network performance is defined as a measure of a network\u2019s throughput. Via analysis, one can determine the current state of thier network, and can, therefore, optimize it for maximum performance.","robots":{"index":"index","follow":"follow","max-snippet":"max-snippet:-1","max-image-preview":"max-image-preview:large","max-video-preview":"max-video-preview:-1"},"canonical":"https:\/\/acetechnology.com\/fr\/network-analysis-and-optimization\/","og_locale":"fr_CA","og_type":"article","og_title":"Network Analysis and Optimization | Ace Technology Inc.","og_description":"Network performance is defined as a measure of a network\u2019s throughput. Via analysis, one can determine the current state of thier network, and can, therefore, optimize it for maximum performance.","og_url":"https:\/\/acetechnology.com\/fr\/network-analysis-and-optimization\/","og_site_name":"Ace Technology Inc.","article_modified_time":"2021-05-21T21:03:17+00:00","twitter_card":"summary_large_image","schema":{"@context":"https:\/\/schema.org","@graph":[{"@type":"WebPage","@id":"https:\/\/acetechnology.com\/network-analysis-and-optimization\/","url":"https:\/\/acetechnology.com\/network-analysis-and-optimization\/","name":"Network Analysis and Optimization | Ace Technology Inc.","isPartOf":{"@id":"https:\/\/acetechnology.com\/fr\/#website"},"datePublished":"2021-04-07T19:45:56+00:00","dateModified":"2021-05-21T21:03:17+00:00","description":"Network performance is defined as a measure of a network\u2019s throughput. Via analysis, one can determine the current state of thier network, and can, therefore, optimize it for maximum performance.","breadcrumb":{"@id":"https:\/\/acetechnology.com\/network-analysis-and-optimization\/#breadcrumb"},"inLanguage":"fr-CA","potentialAction":[{"@type":"ReadAction","target":["https:\/\/acetechnology.com\/network-analysis-and-optimization\/"]}]},{"@type":"BreadcrumbList","@id":"https:\/\/acetechnology.com\/network-analysis-and-optimization\/#breadcrumb","itemListElement":[{"@type":"ListItem","position":1,"name":"Home","item":"https:\/\/acetechnology.com\/en\/"},{"@type":"ListItem","position":2,"name":"Network Analysis and Optimization"}]},{"@type":"WebSite","@id":"https:\/\/acetechnology.com\/fr\/#website","url":"https:\/\/acetechnology.com\/fr\/","name":"Ace Technology Inc.","description":"Enterprise Network Solutions, Services and Telecommunications","publisher":{"@id":"https:\/\/acetechnology.com\/fr\/#organization"},"potentialAction":[{"@type":"SearchAction","target":{"@type":"EntryPoint","urlTemplate":"https:\/\/acetechnology.com\/fr\/?s={search_term_string}"},"query-input":{"@type":"PropertyValueSpecification","valueRequired":true,"valueName":"search_term_string"}}],"inLanguage":"fr-CA"},{"@type":"Organization","@id":"https:\/\/acetechnology.com\/fr\/#organization","name":"Ace Technology Inc.","url":"https:\/\/acetechnology.com\/fr\/","logo":{"@type":"ImageObject","inLanguage":"fr-CA","@id":"https:\/\/acetechnology.com\/fr\/#\/schema\/logo\/image\/","url":"https:\/\/acetechnology.com\/wp-content\/uploads\/2021\/03\/AceTechnology_Logo2_80px.png","contentUrl":"https:\/\/acetechnology.com\/wp-content\/uploads\/2021\/03\/AceTechnology_Logo2_80px.png","width":218,"height":80,"caption":"Ace Technology Inc."},"image":{"@id":"https:\/\/acetechnology.com\/fr\/#\/schema\/logo\/image\/"},"sameAs":["https:\/\/ca.linkedin.com\/company\/ace-technology-inc-"]}]}},"_links":{"self":[{"href":"https:\/\/acetechnology.com\/fr\/wp-json\/wp\/v2\/pages\/1808","targetHints":{"allow":["GET"]}}],"collection":[{"href":"https:\/\/acetechnology.com\/fr\/wp-json\/wp\/v2\/pages"}],"about":[{"href":"https:\/\/acetechnology.com\/fr\/wp-json\/wp\/v2\/types\/page"}],"author":[{"embeddable":true,"href":"https:\/\/acetechnology.com\/fr\/wp-json\/wp\/v2\/users\/1"}],"replies":[{"embeddable":true,"href":"https:\/\/acetechnology.com\/fr\/wp-json\/wp\/v2\/comments?post=1808"}],"version-history":[{"count":22,"href":"https:\/\/acetechnology.com\/fr\/wp-json\/wp\/v2\/pages\/1808\/revisions"}],"predecessor-version":[{"id":3397,"href":"https:\/\/acetechnology.com\/fr\/wp-json\/wp\/v2\/pages\/1808\/revisions\/3397"}],"wp:attachment":[{"href":"https:\/\/acetechnology.com\/fr\/wp-json\/wp\/v2\/media?parent=1808"}],"curies":[{"name":"wp","href":"https:\/\/api.w.org\/{rel}","templated":true}]}}