{"id":1738,"date":"2021-04-06T16:36:19","date_gmt":"2021-04-06T16:36:19","guid":{"rendered":"https:\/\/acetechnology.com\/?page_id=1738"},"modified":"2021-05-21T20:58:12","modified_gmt":"2021-05-21T20:58:12","slug":"hybrid-backup-services","status":"publish","type":"page","link":"https:\/\/acetechnology.com\/fr\/hybrid-backup-services\/","title":{"rendered":"Services de sauvegarde hybride"},"content":{"rendered":"<div class=\"wpb-content-wrapper\"><div class=\"vc_row wpb_row vc_row-fluid\"><div class=\"wpb_column vc_column_container vc_col-sm-12\"><div class=\"vc_column-inner\"><div class=\"wpb_wrapper\"><div class=\"vc_empty_space\"   style=\"height: 50px\"><span class=\"vc_empty_space_inner\"><\/span><\/div><\/div><\/div><\/div><\/div><div data-vc-full-width=\"true\" data-vc-full-width-init=\"false\" class=\"vc_row wpb_row vc_row-fluid vc_row-o-content-middle vc_row-flex\"><div class=\"wpb_column vc_column_container vc_col-sm-12\"><div class=\"vc_column-inner\"><div class=\"wpb_wrapper\">\n\t<div class=\"wpb_text_column wpb_content_element wpb_animate_when_almost_visible wpb_fadeInLeft fadeInLeft\" >\n\t\t<div class=\"wpb_wrapper\">\n\t\t\t<h1 style=\"color: black; font-size: 40px; text-align: center;\">Qu'est-ce qu'une solution de sauvegarde hybride ?<\/h1>\n\n\t\t<\/div>\n\t<\/div>\n\n\t<div class=\"wpb_text_column wpb_content_element wpb_animate_when_almost_visible wpb_fadeInLeft fadeInLeft\" >\n\t\t<div class=\"wpb_wrapper\">\n\t\t\t<p style=\"text-align: left; color: #454545; font-size: 17px; line-height: 2;\">La sauvegarde hybride est une expression g\u00e9n\u00e9ralement d\u00e9crite pour la sauvegarde et le stockage de fichiers informatiques sur des sites locaux, \u00e0 distance, ou nuagique.<\/p>\n<p style=\"text-align: left; color: #454545; font-size: 17px; line-height: 2;\">Le syst\u00e8me de sauvegarde hybride AceVault est con\u00e7u pour les clients disposant de grands ensembles de donn\u00e9es. Le logiciel AceVault prend des \u00ab snapshot \u00bb plusieurs fois par jour pour minimiser les pertes de donner et nous les envoie pendant la nuit lorsque les ordinateurs ne sont pas utilis\u00e9s. AceVault collecte, compresse, encrypte et transf\u00e8re les donn\u00e9es vers un emplacement de stockage en r\u00e9seau (NAS). Le NAS transf\u00e8re ensuite les donn\u00e9es vers le centre de donn\u00e9es d'AceVault ou hors site vers un centre de donn\u00e9es s\u00e9curiser.<\/p>\n\n\t\t<\/div>\n\t<\/div>\n\n\t<div  class=\"wpb_single_image wpb_content_element vc_align_center wpb_content_element\">\n\t\t\n\t\t<figure class=\"wpb_wrapper vc_figure\">\n\t\t\t<div class=\"vc_single_image-wrapper   vc_box_border_grey\"><img fetchpriority=\"high\" decoding=\"async\" width=\"484\" height=\"107\" src=\"https:\/\/acetechnology.com\/wp-content\/uploads\/2021\/04\/qnap-rack-single.png\" class=\"vc_single_image-img attachment-full\" alt=\"\" title=\"qnap-rack-single\" srcset=\"https:\/\/acetechnology.com\/wp-content\/uploads\/2021\/04\/qnap-rack-single.png 484w, https:\/\/acetechnology.com\/wp-content\/uploads\/2021\/04\/qnap-rack-single-300x66.png 300w\" sizes=\"(max-width: 484px) 100vw, 484px\" \/><\/div>\n\t\t<\/figure>\n\t<\/div>\n<\/div><\/div><\/div><\/div><div class=\"vc_row-full-width vc_clearfix\"><\/div><div class=\"vc_row wpb_row vc_row-fluid\"><div class=\"wpb_column vc_column_container vc_col-sm-12\"><div class=\"vc_column-inner\"><div class=\"wpb_wrapper\"><div class=\"vc_empty_space\"   style=\"height: 80px\"><span class=\"vc_empty_space_inner\"><\/span><\/div><\/div><\/div><\/div><\/div><div data-vc-full-width=\"true\" data-vc-full-width-init=\"false\" class=\"vc_row wpb_row vc_row-fluid wpb_animate_when_almost_visible wpb_fadeInRight fadeInRight vc_column-gap-20 vc_row-o-equal-height vc_row-o-content-top vc_row-flex\"><div class=\"wpb_column vc_column_container vc_col-sm-12\"><div class=\"vc_column-inner\"><div class=\"wpb_wrapper\">\n\t<div class=\"wpb_text_column wpb_content_element\" >\n\t\t<div class=\"wpb_wrapper\">\n\t\t\t<h1 style=\"color: black; font-size: 40px; text-align: left;\">Que dois-je prendre en compte lors du choix d'une solution de sauvegarde hybride ?<\/h1>\n\n\t\t<\/div>\n\t<\/div>\n\n\t<div class=\"wpb_text_column wpb_content_element\" >\n\t\t<div class=\"wpb_wrapper\">\n\t\t\t<p style=\"text-align: left; color: #454545; font-size: 17px; line-height: 2;\">HIPAA, GLB, SOX, PCI - il existe des dizaines de r\u00e8gles et de r\u00e9glementations en mati\u00e8re de s\u00e9curit\u00e9 et de confidentialit\u00e9 des donn\u00e9es dans de nombreux pays. Chez Ace Technology, nous les \u00e9tudions attentivement et nous avons con\u00e7u notre logiciel pour qu'il soit enti\u00e8rement conforme \u00e0 toutes ces r\u00e9glementations. AceVault offre une conformit\u00e9 totale qui constitue la base du succ\u00e8s des services de sauvegarde en ligne propos\u00e9s au PME et \u00e0 tous ceux qui sont tenus de se conformer \u00e0 ces r\u00e9glementations. AceVault encrypte ses donn\u00e9es \u00e0 l'aide d'un cryptage de niveau militaire avant de les envoyer sur l\u2019internet. Il n'envoie jamais la cl\u00e9 de chiffrement au serveur. Les donn\u00e9es sont stock\u00e9es sur le serveur, crypt\u00e9es et sign\u00e9es num\u00e9riquement, sans les noms des fichiers ou des dossiers originaux, accessibles UNIQUEMENT aux personnes autoris\u00e9es. M\u00eame si les donn\u00e9es sont copi\u00e9 ou si le serveur AceVault est vol\u00e9, les fichiers de donn\u00e9es sont inutilisables. Cela fait d'AceVault un des logiciels de sauvegarde en ligne le plus s\u00e9curiser.<\/p>\n\n\t\t<\/div>\n\t<\/div>\n<\/div><\/div><\/div><\/div><div class=\"vc_row-full-width vc_clearfix\"><\/div><div class=\"vc_row wpb_row vc_row-fluid\"><div class=\"wpb_column vc_column_container vc_col-sm-12\"><div class=\"vc_column-inner\"><div class=\"wpb_wrapper\"><div class=\"vc_empty_space\"   style=\"height: 80px\"><span class=\"vc_empty_space_inner\"><\/span><\/div><\/div><\/div><\/div><\/div><div data-vc-full-width=\"true\" data-vc-full-width-init=\"false\" class=\"vc_row wpb_row vc_row-fluid vc_column-gap-20 vc_row-o-equal-height vc_row-o-content-top vc_row-flex\"><div class=\"wpb_column vc_column_container vc_col-sm-12\"><div class=\"vc_column-inner\"><div class=\"wpb_wrapper\">\n\t<div class=\"wpb_text_column wpb_content_element\" >\n\t\t<div class=\"wpb_wrapper\">\n\t\t\t<h1 style=\"font-size: 40px; color: black; text-align: left;\">Fonctionnalit\u00e9s et la Solution d'AceVault<\/h1>\n\n\t\t<\/div>\n\t<\/div>\n\n\t<div class=\"wpb_text_column wpb_content_element\" >\n\t\t<div class=\"wpb_wrapper\">\n\t\t\t<p style=\"font-size: 17px; color: #454545; line-height: 2; text-align: left;\">Un service de sauvegarde et de restauration informatique s\u00fbr et fiable est imp\u00e9ratif pour la protection des donn\u00e9es de l'entreprise. Le risque toujours croissant d'attaques de virus\n\nmalveillants, ainsi que les pannes mat\u00e9rielles et les catastrophes naturelles, ajoutent encore une autre couche de risque \u00e0 l'environnement de l'entreprise d'aujourd'hui. Les serveurs, PC et ordinateurs portables contenant des quantit\u00e9s toujours plus importantes de donn\u00e9es pr\u00e9sentent un risque \u00e9lev\u00e9 de perte de donn\u00e9es. Nos solutions AceVault en ligne offrent un arsenal d'outils pour la sauvegarde et la restauration \u00e0 distance, et prot\u00e8gent ainsi vos donn\u00e9es critiques.<\/p>\n\n\t\t<\/div>\n\t<\/div>\n<\/div><\/div><\/div><\/div><div class=\"vc_row-full-width vc_clearfix\"><\/div><div class=\"vc_row wpb_row vc_row-fluid\"><div class=\"wpb_column vc_column_container vc_col-sm-12\"><div class=\"vc_column-inner\"><div class=\"wpb_wrapper\"><div class=\"vc_empty_space\"   style=\"height: 80px\"><span class=\"vc_empty_space_inner\"><\/span><\/div><\/div><\/div><\/div><\/div><div data-vc-full-width=\"true\" data-vc-full-width-init=\"false\" class=\"vc_row wpb_row vc_row-fluid vc_row-o-equal-height vc_row-o-content-middle vc_row-flex\"><div class=\"wpb_column vc_column_container vc_col-sm-6 vc_col-has-fill\"><div class=\"vc_column-inner vc_custom_1620380402947\"><div class=\"wpb_wrapper\"><div class=\"vc_empty_space\"   style=\"height: 200px\"><span class=\"vc_empty_space_inner\"><\/span><\/div><\/div><\/div><\/div><div class=\"wpb_animate_when_almost_visible wpb_fadeInRight fadeInRight wpb_column vc_column_container vc_col-sm-6\"><div class=\"vc_column-inner\"><div class=\"wpb_wrapper\">\n\t<div class=\"wpb_text_column wpb_content_element\" >\n\t\t<div class=\"wpb_wrapper\">\n\t\t\t<h1 style=\"text-align: left; color: black; font-size: 40px;\">Sauvegarde en ligne automatis\u00e9s<\/h1>\n\n\t\t<\/div>\n\t<\/div>\n\n\t<div class=\"wpb_text_column wpb_content_element\" >\n\t\t<div class=\"wpb_wrapper\">\n\t\t\t<p style=\"text-align: left; font-size: 17px; color: #454545; line-height: 2;\">Nos solutions de sauvegarde \u00e0 distance AceVault offrent l'avantage d'un service de sauvegarde automatis\u00e9 qui est s\u00e9curis\u00e9, rapide et efficace en termes de bande passante. Le calendrier et la fr\u00e9quence des sauvegardes sont personnalisables et m\u00eame la notification de tout probl\u00e8me de sauvegarde est automatis\u00e9e par des e-mails d\u00e9taill\u00e9s \u00e0 un ou plusieurs contacts.<\/p>\n<p style=\"text-align: left; font-size: 17px; color: #454545; line-height: 2;\">Dans le climat \u00e9conomique actuel, il est imp\u00e9ratif pour toute organisation de mettre en place un plan de continuit\u00e9 des activit\u00e9s et de lutte contre les catastrophes. Notre solution de sauvegarde en ligne AceVault est \u00e0 la base de nombreux plans de ce type. Vos donn\u00e9es peuvent \u00eatre consult\u00e9es et restaur\u00e9es \u00e0 distance 24 heures sur 24, 7 jours sur 7. Ainsi, les catastrophes naturelles, le vol d'ordinateur, les virus ou les pannes mat\u00e9rielles ne vous ralentiront pas.<\/p>\n\n\t\t<\/div>\n\t<\/div>\n<\/div><\/div><\/div><\/div><div class=\"vc_row-full-width vc_clearfix\"><\/div><div class=\"vc_row wpb_row vc_row-fluid\"><div class=\"wpb_column vc_column_container vc_col-sm-12\"><div class=\"vc_column-inner\"><div class=\"wpb_wrapper\"><div class=\"vc_empty_space\"   style=\"height: 32px\"><span class=\"vc_empty_space_inner\"><\/span><\/div><\/div><\/div><\/div><\/div><div data-vc-full-width=\"true\" data-vc-full-width-init=\"false\" class=\"vc_row wpb_row vc_row-fluid wpb_animate_when_almost_visible wpb_fadeInDown fadeInDown vc_row-o-equal-height vc_row-o-content-top vc_row-flex\"><div class=\"wpb_column vc_column_container vc_col-sm-12\"><div class=\"vc_column-inner\"><div class=\"wpb_wrapper\">\n\t<div class=\"wpb_text_column wpb_content_element\" >\n\t\t<div class=\"wpb_wrapper\">\n\t\t\t<h1 style=\"color: white; font-size: 40px; text-align: center;\">S\u00e9curit\u00e9 gr\u00e2ce au cryptage des donn\u00e9es<\/h1>\n\n\t\t<\/div>\n\t<\/div>\n\n\t<div class=\"wpb_text_column wpb_content_element\" >\n\t\t<div class=\"wpb_wrapper\">\n\t\t\t<div class=\"page-text\" style=\"color: white; font-size: 16px; line-height: 2;\">\n<p style=\"text-align: center;\">Vos donn\u00e9es sont crypt\u00e9es \u00e0 la source puis compress\u00e9es et transf\u00e9r\u00e9es vers nos centres de donn\u00e9es o\u00f9 elles restent crypt\u00e9es et s\u00e9curis\u00e9es \u00e0 tout moment. Vous contr\u00f4lez votre code de cl\u00e9 de cryptage pour une s\u00e9curit\u00e9 absolue de vos donn\u00e9es avec un choix entre les algorithmes de cryptage de haute s\u00e9curit\u00e9 AES, Triple DES ou Two fish.<\/p>\n<\/div>\n\n\t\t<\/div>\n\t<\/div>\n<\/div><\/div><\/div><\/div><div class=\"vc_row-full-width vc_clearfix\"><\/div><!-- Row Backgrounds --><div class=\"upb_color\" data-bg-override=\"0\" data-bg-color=\"#1e73be\" data-fadeout=\"\" data-fadeout-percentage=\"30\" data-parallax-content=\"\" data-parallax-content-sense=\"30\" data-row-effect-mobile-disable=\"true\" data-img-parallax-mobile-disable=\"true\" data-rtl=\"false\"  data-custom-vc-row=\"\"  data-vc=\"7.9\"  data-is_old_vc=\"\"  data-theme-support=\"\"   data-overlay=\"false\" data-overlay-color=\"\" data-overlay-pattern=\"\" data-overlay-pattern-opacity=\"\" data-overlay-pattern-size=\"\"    ><\/div><div data-vc-full-width=\"true\" data-vc-full-width-init=\"false\" class=\"vc_row wpb_row vc_row-fluid vc_column-gap-20 vc_row-o-content-middle vc_row-flex\"><div class=\"wpb_column vc_column_container vc_col-sm-12\"><div class=\"vc_column-inner\"><div class=\"wpb_wrapper\">\n\t<div class=\"wpb_text_column wpb_content_element\" >\n\t\t<div class=\"wpb_wrapper\">\n\t\t\t<h1 style=\"color: black; font-size: 40px; text-align: left;\">Services de sauvegarde hors site et protection des donn\u00e9es<\/h1>\n\n\t\t<\/div>\n\t<\/div>\n\n\t<div class=\"wpb_text_column wpb_content_element\" >\n\t\t<div class=\"wpb_wrapper\">\n\t\t\t<div class=\"page-text\" style=\"color: #454545; font-size: 17px; line-height: 2; text-align: left;\">La premi\u00e8re \u00e9tape d'un plan complet de continuit\u00e9 des activit\u00e9s est une sauvegarde fiable, mais il est tout aussi important que vos donn\u00e9es de sauvegarde soient retir\u00e9es et stock\u00e9es hors site dans une installation distincte en cas d'incendie ou de catastrophe naturelle. Nos solutions AceVault transf\u00e8rent automatiquement et en toute s\u00e9curit\u00e9 vos donn\u00e9es vers plusieurs installations g\u00e9ographiquement s\u00e9par\u00e9es, ajoutant ainsi une couche de protection suppl\u00e9mentaire \u00e0 votre plan de sauvegarde.<\/div>\n\n\t\t<\/div>\n\t<\/div>\n<\/div><\/div><\/div><div class=\"wpb_column vc_column_container vc_col-sm-12\"><div class=\"vc_column-inner\"><div class=\"wpb_wrapper\">\n\t<div  class=\"wpb_single_image wpb_content_element vc_align_center wpb_content_element\">\n\t\t\n\t\t<figure class=\"wpb_wrapper vc_figure\">\n\t\t\t<div class=\"vc_single_image-wrapper   vc_box_border_grey\"><img decoding=\"async\" width=\"666\" height=\"172\" src=\"https:\/\/acetechnology.com\/wp-content\/uploads\/2021\/04\/qnap-rack.png\" class=\"vc_single_image-img attachment-full\" alt=\"\" title=\"qnap-rack\" srcset=\"https:\/\/acetechnology.com\/wp-content\/uploads\/2021\/04\/qnap-rack.png 666w, https:\/\/acetechnology.com\/wp-content\/uploads\/2021\/04\/qnap-rack-300x77.png 300w\" sizes=\"(max-width: 666px) 100vw, 666px\" \/><\/div>\n\t\t<\/figure>\n\t<\/div>\n<\/div><\/div><\/div><\/div><div class=\"vc_row-full-width vc_clearfix\"><\/div><!-- Row Backgrounds --><div class=\"upb_color\" data-bg-override=\"0\" data-bg-color=\"#ffffff\" data-fadeout=\"\" data-fadeout-percentage=\"30\" data-parallax-content=\"\" data-parallax-content-sense=\"30\" data-row-effect-mobile-disable=\"true\" data-img-parallax-mobile-disable=\"true\" data-rtl=\"false\"  data-custom-vc-row=\"\"  data-vc=\"7.9\"  data-is_old_vc=\"\"  data-theme-support=\"\"   data-overlay=\"false\" data-overlay-color=\"\" data-overlay-pattern=\"\" data-overlay-pattern-opacity=\"\" data-overlay-pattern-size=\"\"    ><\/div><div data-vc-full-width=\"true\" data-vc-full-width-init=\"false\" class=\"vc_row wpb_row vc_row-fluid wpb_animate_when_almost_visible wpb_fadeInDown fadeInDown vc_row-o-equal-height vc_row-flex\"><div class=\"wpb_column vc_column_container vc_col-sm-12\"><div class=\"vc_column-inner\"><div class=\"wpb_wrapper\">\n\t<div class=\"wpb_text_column wpb_content_element\" >\n\t\t<div class=\"wpb_wrapper\">\n\t\t\t<h3 style=\"color: white; text-align: center;\">Plusieurs ordinateurs sous un seul compte<\/h3>\n\n\t\t<\/div>\n\t<\/div>\n\n\t<div class=\"wpb_text_column wpb_content_element\" >\n\t\t<div class=\"wpb_wrapper\">\n\t\t\t<p style=\"color: white; font-size: 17px; line-height: 2; text-align: center;\">Nous ne facturons pas de frais de licence pour plusieurs ordinateurs. Notre service de sauvegarde informatique en ligne vous permet d'ex\u00e9cuter le logiciel de sauvegarde sur de nombreux PC et serveurs diff\u00e9rents, et vous n'\u00eates factur\u00e9 que pour la quantit\u00e9 de donn\u00e9es de sauvegarde combin\u00e9es sous votre compte.<\/p>\n\n\t\t<\/div>\n\t<\/div>\n<\/div><\/div><\/div><\/div><div class=\"vc_row-full-width vc_clearfix\"><\/div><!-- Row Backgrounds --><div class=\"upb_color\" data-bg-override=\"0\" data-bg-color=\"#1e73be\" data-fadeout=\"\" data-fadeout-percentage=\"30\" data-parallax-content=\"\" data-parallax-content-sense=\"30\" data-row-effect-mobile-disable=\"true\" data-img-parallax-mobile-disable=\"true\" data-rtl=\"false\"  data-custom-vc-row=\"\"  data-vc=\"7.9\"  data-is_old_vc=\"\"  data-theme-support=\"\"   data-overlay=\"false\" data-overlay-color=\"\" data-overlay-pattern=\"\" data-overlay-pattern-opacity=\"\" data-overlay-pattern-size=\"\"    ><\/div><div data-vc-full-width=\"true\" data-vc-full-width-init=\"false\" class=\"vc_row wpb_row vc_row-fluid vc_column-gap-25\"><div class=\"wpb_column vc_column_container vc_col-sm-2\"><div class=\"vc_column-inner\"><div class=\"wpb_wrapper\"><\/div><\/div><\/div><div class=\"wpb_column vc_column_container vc_col-sm-8\"><div class=\"vc_column-inner\"><div class=\"wpb_wrapper\">\n\t<div class=\"wpb_text_column wpb_content_element\" >\n\t\t<div class=\"wpb_wrapper\">\n\t\t\t<h1 style=\"color: black; font-size: 40px; text-align: center;\">G\u00e9o-r\u00e9plication<\/h1>\n\n\t\t<\/div>\n\t<\/div>\n\n\t<div class=\"wpb_text_column wpb_content_element\" >\n\t\t<div class=\"wpb_wrapper\">\n\t\t\t<p class=\"page-text\" style=\"color: #454545; font-size: 18px; line-height: 2; text-align: center;\">AceVault fournit une r\u00e9plication en temps quasi r\u00e9el de vos donn\u00e9es critiques pour une double protection.\u00a0 En cas de probl\u00e8me dans l'un de nos centres de donn\u00e9es, nous pouvons fournir une r\u00e9cup\u00e9ration instantan\u00e9e \u00e0 partir de sites alternatifs.<\/p>\n\n\t\t<\/div>\n\t<\/div>\n<\/div><\/div><\/div><div class=\"wpb_column vc_column_container vc_col-sm-2\"><div class=\"vc_column-inner\"><div class=\"wpb_wrapper\"><\/div><\/div><\/div><\/div><div class=\"vc_row-full-width vc_clearfix\"><\/div>\n<\/div>","protected":false},"excerpt":{"rendered":"<p class=\"card-text\"> [&#8230;]<\/p>\n<p class=\"m-0\"><a class=\"btn btn-outline-secondary btn-read-more\" href=\"https:\/\/acetechnology.com\/fr\/hybrid-backup-services\/\">Read More<\/a><\/p>","protected":false},"author":1,"featured_media":0,"parent":0,"menu_order":0,"comment_status":"closed","ping_status":"closed","template":"","meta":{"footnotes":""},"class_list":["post-1738","page","type-page","status-publish","hentry"],"yoast_head":"<!-- This site is optimized with the Yoast SEO plugin v26.9 - https:\/\/yoast.com\/product\/yoast-seo-wordpress\/ -->\n<title>Hybrid Backup Services | Ace Technology Inc.<\/title>\n<meta name=\"description\" content=\"Hybrid backup is a phrase typically described as the backup and storage of computer files to local and remote or cloud locations. Hybrid backup providers are companies that offer this type of product or service to end users.\" \/>\n<meta name=\"robots\" content=\"index, follow, max-snippet:-1, max-image-preview:large, max-video-preview:-1\" \/>\n<link rel=\"canonical\" href=\"https:\/\/acetechnology.com\/fr\/hybrid-backup-services\/\" \/>\n<meta property=\"og:locale\" content=\"fr_CA\" \/>\n<meta property=\"og:type\" content=\"article\" \/>\n<meta property=\"og:title\" content=\"Hybrid Backup Services | Ace Technology Inc.\" \/>\n<meta property=\"og:description\" content=\"Hybrid backup is a phrase typically described as the backup and storage of computer files to local and remote or cloud locations. Hybrid backup providers are companies that offer this type of product or service to end users.\" \/>\n<meta property=\"og:url\" content=\"https:\/\/acetechnology.com\/fr\/hybrid-backup-services\/\" \/>\n<meta property=\"og:site_name\" content=\"Ace Technology Inc.\" \/>\n<meta property=\"article:modified_time\" content=\"2021-05-21T20:58:12+00:00\" \/>\n<meta name=\"twitter:card\" content=\"summary_large_image\" \/>\n<script type=\"application\/ld+json\" class=\"yoast-schema-graph\">{\"@context\":\"https:\/\/schema.org\",\"@graph\":[{\"@type\":\"WebPage\",\"@id\":\"https:\/\/acetechnology.com\/hybrid-backup-services\/\",\"url\":\"https:\/\/acetechnology.com\/hybrid-backup-services\/\",\"name\":\"Hybrid Backup Services | Ace Technology Inc.\",\"isPartOf\":{\"@id\":\"https:\/\/acetechnology.com\/fr\/#website\"},\"datePublished\":\"2021-04-06T16:36:19+00:00\",\"dateModified\":\"2021-05-21T20:58:12+00:00\",\"description\":\"Hybrid backup is a phrase typically described as the backup and storage of computer files to local and remote or cloud locations. Hybrid backup providers are companies that offer this type of product or service to end users.\",\"breadcrumb\":{\"@id\":\"https:\/\/acetechnology.com\/hybrid-backup-services\/#breadcrumb\"},\"inLanguage\":\"fr-CA\",\"potentialAction\":[{\"@type\":\"ReadAction\",\"target\":[\"https:\/\/acetechnology.com\/hybrid-backup-services\/\"]}]},{\"@type\":\"BreadcrumbList\",\"@id\":\"https:\/\/acetechnology.com\/hybrid-backup-services\/#breadcrumb\",\"itemListElement\":[{\"@type\":\"ListItem\",\"position\":1,\"name\":\"Home\",\"item\":\"https:\/\/acetechnology.com\/en\/\"},{\"@type\":\"ListItem\",\"position\":2,\"name\":\"Hybrid Backup Services\"}]},{\"@type\":\"WebSite\",\"@id\":\"https:\/\/acetechnology.com\/fr\/#website\",\"url\":\"https:\/\/acetechnology.com\/fr\/\",\"name\":\"Ace Technology Inc.\",\"description\":\"Enterprise Network Solutions, Services and Telecommunications\",\"publisher\":{\"@id\":\"https:\/\/acetechnology.com\/fr\/#organization\"},\"potentialAction\":[{\"@type\":\"SearchAction\",\"target\":{\"@type\":\"EntryPoint\",\"urlTemplate\":\"https:\/\/acetechnology.com\/fr\/?s={search_term_string}\"},\"query-input\":{\"@type\":\"PropertyValueSpecification\",\"valueRequired\":true,\"valueName\":\"search_term_string\"}}],\"inLanguage\":\"fr-CA\"},{\"@type\":\"Organization\",\"@id\":\"https:\/\/acetechnology.com\/fr\/#organization\",\"name\":\"Ace Technology Inc.\",\"url\":\"https:\/\/acetechnology.com\/fr\/\",\"logo\":{\"@type\":\"ImageObject\",\"inLanguage\":\"fr-CA\",\"@id\":\"https:\/\/acetechnology.com\/fr\/#\/schema\/logo\/image\/\",\"url\":\"https:\/\/acetechnology.com\/wp-content\/uploads\/2021\/03\/AceTechnology_Logo2_80px.png\",\"contentUrl\":\"https:\/\/acetechnology.com\/wp-content\/uploads\/2021\/03\/AceTechnology_Logo2_80px.png\",\"width\":218,\"height\":80,\"caption\":\"Ace Technology Inc.\"},\"image\":{\"@id\":\"https:\/\/acetechnology.com\/fr\/#\/schema\/logo\/image\/\"},\"sameAs\":[\"https:\/\/ca.linkedin.com\/company\/ace-technology-inc-\"]}]}<\/script>\n<!-- \/ Yoast SEO plugin. -->","yoast_head_json":{"title":"Hybrid Backup Services | Ace Technology Inc.","description":"Hybrid backup is a phrase typically described as the backup and storage of computer files to local and remote or cloud locations. Hybrid backup providers are companies that offer this type of product or service to end users.","robots":{"index":"index","follow":"follow","max-snippet":"max-snippet:-1","max-image-preview":"max-image-preview:large","max-video-preview":"max-video-preview:-1"},"canonical":"https:\/\/acetechnology.com\/fr\/hybrid-backup-services\/","og_locale":"fr_CA","og_type":"article","og_title":"Hybrid Backup Services | Ace Technology Inc.","og_description":"Hybrid backup is a phrase typically described as the backup and storage of computer files to local and remote or cloud locations. Hybrid backup providers are companies that offer this type of product or service to end users.","og_url":"https:\/\/acetechnology.com\/fr\/hybrid-backup-services\/","og_site_name":"Ace Technology Inc.","article_modified_time":"2021-05-21T20:58:12+00:00","twitter_card":"summary_large_image","schema":{"@context":"https:\/\/schema.org","@graph":[{"@type":"WebPage","@id":"https:\/\/acetechnology.com\/hybrid-backup-services\/","url":"https:\/\/acetechnology.com\/hybrid-backup-services\/","name":"Hybrid Backup Services | Ace Technology Inc.","isPartOf":{"@id":"https:\/\/acetechnology.com\/fr\/#website"},"datePublished":"2021-04-06T16:36:19+00:00","dateModified":"2021-05-21T20:58:12+00:00","description":"Hybrid backup is a phrase typically described as the backup and storage of computer files to local and remote or cloud locations. Hybrid backup providers are companies that offer this type of product or service to end users.","breadcrumb":{"@id":"https:\/\/acetechnology.com\/hybrid-backup-services\/#breadcrumb"},"inLanguage":"fr-CA","potentialAction":[{"@type":"ReadAction","target":["https:\/\/acetechnology.com\/hybrid-backup-services\/"]}]},{"@type":"BreadcrumbList","@id":"https:\/\/acetechnology.com\/hybrid-backup-services\/#breadcrumb","itemListElement":[{"@type":"ListItem","position":1,"name":"Home","item":"https:\/\/acetechnology.com\/en\/"},{"@type":"ListItem","position":2,"name":"Hybrid Backup Services"}]},{"@type":"WebSite","@id":"https:\/\/acetechnology.com\/fr\/#website","url":"https:\/\/acetechnology.com\/fr\/","name":"Ace Technology Inc.","description":"Enterprise Network Solutions, Services and Telecommunications","publisher":{"@id":"https:\/\/acetechnology.com\/fr\/#organization"},"potentialAction":[{"@type":"SearchAction","target":{"@type":"EntryPoint","urlTemplate":"https:\/\/acetechnology.com\/fr\/?s={search_term_string}"},"query-input":{"@type":"PropertyValueSpecification","valueRequired":true,"valueName":"search_term_string"}}],"inLanguage":"fr-CA"},{"@type":"Organization","@id":"https:\/\/acetechnology.com\/fr\/#organization","name":"Ace Technology Inc.","url":"https:\/\/acetechnology.com\/fr\/","logo":{"@type":"ImageObject","inLanguage":"fr-CA","@id":"https:\/\/acetechnology.com\/fr\/#\/schema\/logo\/image\/","url":"https:\/\/acetechnology.com\/wp-content\/uploads\/2021\/03\/AceTechnology_Logo2_80px.png","contentUrl":"https:\/\/acetechnology.com\/wp-content\/uploads\/2021\/03\/AceTechnology_Logo2_80px.png","width":218,"height":80,"caption":"Ace Technology Inc."},"image":{"@id":"https:\/\/acetechnology.com\/fr\/#\/schema\/logo\/image\/"},"sameAs":["https:\/\/ca.linkedin.com\/company\/ace-technology-inc-"]}]}},"_links":{"self":[{"href":"https:\/\/acetechnology.com\/fr\/wp-json\/wp\/v2\/pages\/1738","targetHints":{"allow":["GET"]}}],"collection":[{"href":"https:\/\/acetechnology.com\/fr\/wp-json\/wp\/v2\/pages"}],"about":[{"href":"https:\/\/acetechnology.com\/fr\/wp-json\/wp\/v2\/types\/page"}],"author":[{"embeddable":true,"href":"https:\/\/acetechnology.com\/fr\/wp-json\/wp\/v2\/users\/1"}],"replies":[{"embeddable":true,"href":"https:\/\/acetechnology.com\/fr\/wp-json\/wp\/v2\/comments?post=1738"}],"version-history":[{"count":71,"href":"https:\/\/acetechnology.com\/fr\/wp-json\/wp\/v2\/pages\/1738\/revisions"}],"predecessor-version":[{"id":3395,"href":"https:\/\/acetechnology.com\/fr\/wp-json\/wp\/v2\/pages\/1738\/revisions\/3395"}],"wp:attachment":[{"href":"https:\/\/acetechnology.com\/fr\/wp-json\/wp\/v2\/media?parent=1738"}],"curies":[{"name":"wp","href":"https:\/\/api.w.org\/{rel}","templated":true}]}}